{"id":1676,"date":"2019-02-04T12:14:33","date_gmt":"2019-02-04T11:14:33","guid":{"rendered":"http:\/\/www.bhak-eisenstadt.at\/2016\/?page_id=1676"},"modified":"2025-08-15T16:37:59","modified_gmt":"2025-08-15T14:37:59","slug":"aufnahmekriterien-jushak","status":"publish","type":"page","link":"https:\/\/www.bhak-eisenstadt.at\/2016\/jushak\/aufnahmekriterien-jushak\/","title":{"rendered":"Aufnahmekriterien JusHAK"},"content":{"rendered":"\n<hr class=\"wp-block-separator is-style-default\"\/>\n\n\n<h4><strong><span style=\"color: #97141b;\">Assessment Center<\/span><\/strong><\/h4>\n<p>zus\u00e4tzlich zu den Aufnahmekriterien der klassischen Handelsakademie muss ein <strong><span style=\"color: #97141b;\">Assessment Center<\/span> <\/strong>absolviert werden.<\/p>\n\n\n<h5>Aufnahmekriterien Handelsakademie <\/h5>\n\n\n\n<p>Voraussetzung f\u00fcr den Besuch einer berufsbildenden h\u00f6heren Schule (BHS) ist der&nbsp;<strong>erfolgreiche Abschluss der 8. Schulstufe<\/strong>.<\/p>\n\n\n\n<p>In manchen F\u00e4llen ist aber eine&nbsp;<strong>Aufnahmspr\u00fcfung<\/strong>&nbsp;erforderlich.&nbsp;<\/p>\n\n\n\n<p><strong>AHS \u2013 Allgemein bildende h\u00f6here Schule<\/strong><\/p>\n\n\n\n<p><em><strong>keine<\/strong><\/em>&nbsp;Aufnahmepr\u00fcfung erforderlich \u2013 bei einem positiven Zeugnis<\/p>\n\n\n\n<p><strong>MS \u2013 Mittelschule<\/strong><\/p>\n\n\n\n<p><em><strong>keine<\/strong><\/em>&nbsp;Aufnahmepr\u00fcfung erforderlich, wenn:<\/p>\n\n\n\n<ul><li>Beurteilung gem\u00e4\u00df dem Leistungsniveau \u201eStandard&nbsp;AHS\u201c<\/li><li>Beurteilung gem\u00e4\u00df dem Leistungsniveau \u201eStandard\u201c nicht schlechter als \u201eGut\u201c<sup>1<\/sup><\/li><\/ul>\n\n\n\n<p><strong>Aufnahmepr\u00fcfung<\/strong>&nbsp;erforderlich, wenn:<\/p>\n\n\n\n<ul><li>Beurteilung gem\u00e4\u00df dem Leistungsniveau \u201eStandard\u201c Note \u201eBefriedigend\u201c und \u201eGen\u00fcgend\u201c<sup>1<\/sup><\/li><\/ul>\n\n\n\n<p><sup>1<\/sup>&nbsp;Pflichtgegenst\u00e4nde Deutsch, Mathematik, Lebende Fremdsprache<\/p>\n\n\n\n<p><strong>Schulen mit eigenem Statut<br><\/strong>(z.B.: Sonnenlandschule)<\/p>\n\n\n\n<p><strong><em>verpflichtende <\/em><\/strong>Aufnahmepr\u00fcfung erforderlich &#8211; in den Pflichtgegenst\u00e4nden Deutsch, Mathematik, Englisch<\/p>\n\n\n\n<hr class=\"wp-block-separator is-style-default\"\/>\n\n\n\n<p><strong>Zum Nachlesen:<\/strong><\/p>\n\n\n\n<p><a href=\"https:\/\/www.bmbwf.gv.at\/Themen\/schule\/schulsystem\/sa\/bmhs\/bmhs_aufnahme.html\">Aufnahme in berufsbildende mittlere und h\u00f6here Schulen (bmbwf.gv.at)<\/a><\/p>\n\n\n\n<p><a href=\"https:\/\/www.bhak-eisenstadt.at\/2016\/wp-content\/uploads\/2025\/08\/Aufnahmepruefungen-Stoff.pdf\" target=\"_blank\" rel=\"noreferrer noopener\">Den Stoff der Aufnahmepr\u00fcfungen k\u00f6nnen Sie hier als PDF downloaden!<\/a><\/p>\n","protected":false},"excerpt":{"rendered":"<p>Assessment Center zus\u00e4tzlich zu den Aufnahmekriterien der klassischen Handelsakademie muss ein Assessment Center absolviert werden. Aufnahmekriterien Handelsakademie Voraussetzung f\u00fcr den Besuch einer berufsbildenden h\u00f6heren Schule (BHS) ist der&nbsp;erfolgreiche Abschluss der 8. Schulstufe. In manchen F\u00e4llen ist aber eine&nbsp;Aufnahmspr\u00fcfung&nbsp;erforderlich.&nbsp; AHS \u2013 Allgemein bildende h\u00f6here Schule keine&nbsp;Aufnahmepr\u00fcfung erforderlich \u2013 bei einem positiven Zeugnis MS \u2013 Mittelschule keine&nbsp;Aufnahmepr\u00fcfung <a class=\"more-link\" href=\"https:\/\/www.bhak-eisenstadt.at\/2016\/jushak\/aufnahmekriterien-jushak\/\">Weiterlesen&#8230;<\/a><\/p>\n","protected":false},"author":3,"featured_media":0,"parent":1671,"menu_order":1,"comment_status":"closed","ping_status":"closed","template":"","meta":[],"amp_enabled":true,"_links":{"self":[{"href":"https:\/\/www.bhak-eisenstadt.at\/2016\/wp-json\/wp\/v2\/pages\/1676"}],"collection":[{"href":"https:\/\/www.bhak-eisenstadt.at\/2016\/wp-json\/wp\/v2\/pages"}],"about":[{"href":"https:\/\/www.bhak-eisenstadt.at\/2016\/wp-json\/wp\/v2\/types\/page"}],"author":[{"embeddable":true,"href":"https:\/\/www.bhak-eisenstadt.at\/2016\/wp-json\/wp\/v2\/users\/3"}],"replies":[{"embeddable":true,"href":"https:\/\/www.bhak-eisenstadt.at\/2016\/wp-json\/wp\/v2\/comments?post=1676"}],"version-history":[{"count":7,"href":"https:\/\/www.bhak-eisenstadt.at\/2016\/wp-json\/wp\/v2\/pages\/1676\/revisions"}],"predecessor-version":[{"id":4332,"href":"https:\/\/www.bhak-eisenstadt.at\/2016\/wp-json\/wp\/v2\/pages\/1676\/revisions\/4332"}],"up":[{"embeddable":true,"href":"https:\/\/www.bhak-eisenstadt.at\/2016\/wp-json\/wp\/v2\/pages\/1671"}],"wp:attachment":[{"href":"https:\/\/www.bhak-eisenstadt.at\/2016\/wp-json\/wp\/v2\/media?parent=1676"}],"curies":[{"name":"wp","href":"https:\/\/api.w.org\/{rel}","templated":true}]}}