{"id":1787,"date":"2019-10-01T12:04:07","date_gmt":"2019-10-01T10:04:07","guid":{"rendered":"http:\/\/www.bhak-eisenstadt.at\/2016\/?page_id=1787"},"modified":"2022-01-20T20:09:19","modified_gmt":"2022-01-20T19:09:19","slug":"ilb","status":"publish","type":"page","link":"https:\/\/www.bhak-eisenstadt.at\/2016\/ilb\/","title":{"rendered":"ILB"},"content":{"rendered":"\n<hr class=\"wp-block-separator is-style-default\"\/>\n\n\n\n<p><strong>Individuelle Lernbegleitung (ILB) <\/strong><strong>an der BHAK Eisenstadt<\/strong>&nbsp;<\/p>\n\n\n\n<p><span style=\"color:#99141b\" class=\"has-inline-color\"><strong>Was ist die ILB?<\/strong>&nbsp;<\/span><\/p>\n\n\n\n<p>Als Sch\u00fcler*in ab dem 2. Jahrgang stehen dir bei mindestens einem drohenden Nicht gen\u00fcgend im Semesterzeugnis oder Jahreszeugnis Lehrer*innen zur Verf\u00fcgung, die dich bei der Planung und Umsetzung deines Lernprozesses unterst\u00fctzen.&nbsp;<\/p>\n\n\n\n<p>Dabei handelt es sich NICHT um eine Nachhilfe im jeweiligen Gegenstand, sondern um ein Lerncoaching.&nbsp;&nbsp;<\/p>\n\n\n\n<p>Die ILB ist freiwillig, kostenlos und die Dauer und die H\u00e4ufigkeit sind individuell. Die Gespr\u00e4che sind vertraulich und zielorientiert und finden au\u00dferhalb der Unterrichtszeit statt.&nbsp;<\/p>\n\n\n\n<p>In der ersten Einheit werden die Ziele und Rahmenbedingungen vereinbart. Die ILB endet \u00fcblicherweise mit dem Erreichen einer positiven Note im jeweiligen Gegenstand.&nbsp;<\/p>\n\n\n\n<p><strong><span style=\"color:#99141b\" class=\"has-inline-color\">Wann bin ich bei der ILB richtig?<\/span><\/strong>&nbsp;<\/p>\n\n\n\n<p>Solltest du eine Fr\u00fchwarnung in einem Gegenstand bekommen haben, wende dich bitte an den\/ die jeweilige*n Lehrer*in der\/ die dir Mahnung ausgesprochen hat. Kl\u00e4re mit ihm \/ ihr, ob du bei der ILB richtig aufgehoben bist.&nbsp;&nbsp;<\/p>\n\n\n\n<p>Die ILB-Lehrer*innen k\u00f6nnen dir helfen, wenn du einige dieser Aussagen mit NEIN beantwortest:&nbsp;<\/p>\n\n\n\n<ul><li>Ich bin mit meinen Noten zufrieden.&nbsp;<\/li><\/ul>\n\n\n\n<ul><li>Ich habe zeitgerecht gelernt.&nbsp;<\/li><li>Ich habe das Wesentliche in jedem Schulfach gelernt.&nbsp;<\/li><li>Ich wei\u00df, was das Wesentliche in jedem Unterrichtsfach ist.&nbsp;<\/li><li>Ich habe Ordnung in meinen Lernunterlagen.&nbsp;<\/li><li>Ich habe Unklares rechtzeitig gekl\u00e4rt.&nbsp;<\/li><\/ul>\n\n\n\n<ul><li>Ich denke, das Semester gut zu schaffen.&nbsp;&nbsp;<\/li><li>Schularbeiten oder Pr\u00fcfungen bereiten mir kein Kopfzerbrechen.&nbsp;&nbsp;<\/li><li>Ich beginne immer rechtzeitig zu lernen.&nbsp;&nbsp;<\/li><\/ul>\n\n\n\n<p>Wenn du deine Lernsituation in Hinblick auf Zeitmanagement, Lernstrategien, Arbeitsorganisation und Eigenverantwortung&nbsp; verbessern willst, kannst du dich an eine*n der unserer ILB&#8217;s wenden.<\/p>\n\n\n\n<p><a href=\"https:\/\/www.bmbwf.gv.at\/Themen\/schule\/zrp\/nost\/ilb.html\">Weitere Informationen zur ILP<\/a><\/p>\n","protected":false},"excerpt":{"rendered":"<p>Individuelle Lernbegleitung (ILB) an der BHAK Eisenstadt&nbsp; Was ist die ILB?&nbsp; Als Sch\u00fcler*in ab dem 2. Jahrgang stehen dir bei mindestens einem drohenden Nicht gen\u00fcgend im Semesterzeugnis oder Jahreszeugnis Lehrer*innen zur Verf\u00fcgung, die dich bei der Planung und Umsetzung deines Lernprozesses unterst\u00fctzen.&nbsp; Dabei handelt es sich NICHT um eine Nachhilfe im jeweiligen Gegenstand, sondern um <a class=\"more-link\" href=\"https:\/\/www.bhak-eisenstadt.at\/2016\/ilb\/\">Weiterlesen&#8230;<\/a><\/p>\n","protected":false},"author":2,"featured_media":0,"parent":0,"menu_order":0,"comment_status":"closed","ping_status":"closed","template":"","meta":[],"amp_enabled":true,"_links":{"self":[{"href":"https:\/\/www.bhak-eisenstadt.at\/2016\/wp-json\/wp\/v2\/pages\/1787"}],"collection":[{"href":"https:\/\/www.bhak-eisenstadt.at\/2016\/wp-json\/wp\/v2\/pages"}],"about":[{"href":"https:\/\/www.bhak-eisenstadt.at\/2016\/wp-json\/wp\/v2\/types\/page"}],"author":[{"embeddable":true,"href":"https:\/\/www.bhak-eisenstadt.at\/2016\/wp-json\/wp\/v2\/users\/2"}],"replies":[{"embeddable":true,"href":"https:\/\/www.bhak-eisenstadt.at\/2016\/wp-json\/wp\/v2\/comments?post=1787"}],"version-history":[{"count":5,"href":"https:\/\/www.bhak-eisenstadt.at\/2016\/wp-json\/wp\/v2\/pages\/1787\/revisions"}],"predecessor-version":[{"id":3185,"href":"https:\/\/www.bhak-eisenstadt.at\/2016\/wp-json\/wp\/v2\/pages\/1787\/revisions\/3185"}],"wp:attachment":[{"href":"https:\/\/www.bhak-eisenstadt.at\/2016\/wp-json\/wp\/v2\/media?parent=1787"}],"curies":[{"name":"wp","href":"https:\/\/api.w.org\/{rel}","templated":true}]}}