{"id":2297,"date":"2020-12-17T19:15:21","date_gmt":"2020-12-17T18:15:21","guid":{"rendered":"https:\/\/www.bhak-eisenstadt.at\/2016\/?page_id=2297"},"modified":"2025-12-15T10:27:18","modified_gmt":"2025-12-15T09:27:18","slug":"anmeldung-bhak-bhas-eisenstadt","status":"publish","type":"page","link":"https:\/\/www.bhak-eisenstadt.at\/2016\/anmeldung-bhak-bhas-eisenstadt\/","title":{"rendered":"Anmeldung BHAK\/BHAS Eisenstadt"},"content":{"rendered":"\n<p><strong><span style=\"color:#991416\" class=\"has-inline-color\">ANMELDUNG<br>f\u00fcr das Schuljahr 2026\/27<\/span><\/strong><\/p>\n\n\n\n<hr class=\"wp-block-separator\"\/>\n\n\n\n<p>Die verbindliche Anmeldung findet im Zeitraum vom 9. Februar bis 27. Februar 2026 vor Ort statt. <\/p>\n\n\n\n<p>Die ausgef\u00fcllten Unterlagen und die erforderlichen Dokumente m\u00fcssen im Sekretariat der BHAK\/BHAS abgegeben werden.<\/p>\n\n\n\n<p>Bei erfolgter Voranmeldung sind nur mehr die entsprechenden Unterlagen f\u00fcr die Anmeldung im Anmeldungszeitraum abzugeben. <\/p>\n\n\n\n<hr class=\"wp-block-separator\"\/>\n\n\n\n<p>Die verbindliche Anmeldung findet im Zeitraum vom 9. Februar bis 27. Februar 2026 vor Ort statt. <\/p>\n\n\n\n<p>Die Unterlagen f\u00fcr die Anmeldung \u2013 herunterladen und ausf\u00fcllen:<\/p>\n\n\n\n<p><\/p>\n\n\n\n<p><a href=\"https:\/\/www.bhak-eisenstadt.at\/2016\/wp-content\/uploads\/2025\/12\/Anmeldebogen_2026-202763.docx\" data-type=\"URL\" data-id=\"https:\/\/www.bhak-eisenstadt.at\/2016\/wp-content\/uploads\/2025\/12\/Anmeldebogen_2026-202763.docx\">Anmeldeformular<\/a><\/p>\n\n\n\n<p><a rel=\"noreferrer noopener\" href=\"https:\/\/www.bhak-eisenstadt.at\/2016\/wp-content\/uploads\/2025\/01\/Elternfragebogen_2025.pdf\" target=\"_blank\">Elternfragebogen &#8211; PDF<\/a><br><a rel=\"noreferrer noopener\" href=\"https:\/\/www.bhak-eisenstadt.at\/2016\/wp-content\/uploads\/2020\/12\/Notfalladressen.pdf\" target=\"_blank\">Notfalladresse &#8211; PDF<\/a><\/p>\n\n\n\n<p><\/p>\n\n\n\n<p>Die ausgef\u00fcllten Unterlagen sowie folgende Dokumente:<\/p>\n\n\n\n<ul><li>Geburtsurkunde (Original und Kopie)<\/li><li>Staatsb\u00fcrgerschaftsnachweis (Original und Kopie)<\/li><li>E-Card (Sozialversicherungskarte)<\/li><li>Meldezettel von Sch\u00fclerInnen und allen Erziehungsberichtigten<\/li><li>Schulnachricht der 8. Schulstufe (Original und Kopie)<\/li><li>Vormundschaftsdekret (falls die Erziehungsberechtigten nicht die Eltern\/Mutter\/Vater sind)<\/li><\/ul>\n\n\n\n<p>in der BHAK\/BHAS zu folgenden Terminen abgeben:<\/p>\n\n\n\n<p>Montag, 09.02.2026 &#8211; Freitag, 13.02.2026, von 8:00 &#8211; 12:00 Uhr (Semesterferien Burgenland)<br>Montag, 16.02.2026 &#8211; Donnerstag, 26.02.2026, von 8:00 &#8211; 15:00 Uhr<br>Freitag, 20.02. und 27.02.2026, von 8:00 &#8211; 13:00 Uhr<\/p>\n\n\n\n<p>In den Ferien: Das Schulhaus \u00fcber den Nebeneingang betreten &#8211; siehe Beschriftung. NICHT den Haupteingang benutzen.<\/p>\n\n\n\n<p><strong><span style=\"color:#99141b\" class=\"has-inline-color\">Aufnahmekriterien<\/span><\/strong><\/p>\n\n\n\n<p><a href=\"https:\/\/www.bhak-eisenstadt.at\/2016\/hak\/aufnahmekriterien\/\">Aufnahmekriterien Handelsakademie \u2013 HAK<\/a><\/p>\n\n\n\n<p><a href=\"https:\/\/www.bhak-eisenstadt.at\/2016\/has\/aufnahmekriterien-has\/\">Aufnahmekriterien Handelsschule \u2013 HAS<\/a><\/p>\n\n\n\n<p><a href=\"https:\/\/www.bhak-eisenstadt.at\/2016\/jushak\/aufnahmekriterien-jushak\/\">Aufnahmekriterien JusHAK<\/a><\/p>\n\n\n\n<p><strong><span style=\"color:#99141b\" class=\"has-inline-color\">Termine f\u00fcr die Aufnahmepr\u00fcfungen<\/span><\/strong><\/p>\n\n\n\n<p><strong>Dienstag, <\/strong>30.06.2026<br>08:00 Uhr &#8211; Deutsch schriftlich<br><span class=\"has-inline-color has-black-color\">1<\/span>0:00 Uhr &#8211; Englisch schriftlich<br>12:00 Uhr &#8211; Mathematik schriftlich<\/p>\n\n\n\n<p>Ergebnisse ab 15:00 Uhr (telefonisch)<\/p>\n\n\n\n<p><span class=\"has-inline-color has-black-color\"><strong>Mittwoch, <\/strong><\/span>01.07.2026<br>m\u00fcndliche Aufnahmepr\u00fcfungen ab 8:00 Uhr,<br><strong>nur<\/strong> im Falle einer negativen, schriftlichen Aufnahmepr\u00fcfung<\/p>\n\n\n\n<p>Ergebnisse ab 15:00 Uhr (telefonisch)<\/p>\n\n\n\n<p><strong><span style=\"color:#99141b\" class=\"has-inline-color\">Aufnahme in der BHAK\/BHAS<\/span><\/strong><\/p>\n\n\n\n<p>Eine Schulerfolgsbest\u00e4tigung der 8. Schulstufe, aus der hervorgeht, ob eine Aufnahmepr\u00fcfung notwendig ist oder nicht mehr notwendig ist, kann bis sp\u00e4testens <span class=\"has-inline-color has-black-color\">Montag, 29.06.2025,<\/span> 10:00 Uhr im Sekretariat der BHAK\/BHAS Eisenstadt abgeben werden. Bei Vorlage des Originalzeugnisses (zum Schulschluss) erfolgt die endg\u00fcltige Schulplatzzuweisung.<\/p>\n\n\n\n<hr class=\"wp-block-separator is-style-default\"\/>\n\n\n\n<p><strong><span style=\"color:#991416\" class=\"has-inline-color\">Voranmeldung<\/span><\/strong><\/p>\n\n\n\n<p>Voranmeldungen f\u00fcr das&nbsp;<strong>Schuljahr 2026\/27<\/strong>&nbsp;k\u00f6nnen bereits jetzt erfolgen. <\/p>\n\n\n\n<p><strong>Formular herunterladen:<\/strong> <a href=\"https:\/\/www.bhak-eisenstadt.at\/2016\/wp-content\/uploads\/2025\/08\/Voranmeldung-2026_27.docx\">Formular-Voranmeldung<\/a> <\/p>\n","protected":false},"excerpt":{"rendered":"<p>ANMELDUNGf\u00fcr das Schuljahr 2026\/27 Die verbindliche Anmeldung findet im Zeitraum vom 9. Februar bis 27. Februar 2026 vor Ort statt. Die ausgef\u00fcllten Unterlagen und die erforderlichen Dokumente m\u00fcssen im Sekretariat der BHAK\/BHAS abgegeben werden. Bei erfolgter Voranmeldung sind nur mehr die entsprechenden Unterlagen f\u00fcr die Anmeldung im Anmeldungszeitraum abzugeben. Die verbindliche Anmeldung findet im Zeitraum <a class=\"more-link\" href=\"https:\/\/www.bhak-eisenstadt.at\/2016\/anmeldung-bhak-bhas-eisenstadt\/\">Weiterlesen&#8230;<\/a><\/p>\n","protected":false},"author":4,"featured_media":0,"parent":0,"menu_order":0,"comment_status":"closed","ping_status":"closed","template":"","meta":[],"amp_enabled":true,"_links":{"self":[{"href":"https:\/\/www.bhak-eisenstadt.at\/2016\/wp-json\/wp\/v2\/pages\/2297"}],"collection":[{"href":"https:\/\/www.bhak-eisenstadt.at\/2016\/wp-json\/wp\/v2\/pages"}],"about":[{"href":"https:\/\/www.bhak-eisenstadt.at\/2016\/wp-json\/wp\/v2\/types\/page"}],"author":[{"embeddable":true,"href":"https:\/\/www.bhak-eisenstadt.at\/2016\/wp-json\/wp\/v2\/users\/4"}],"replies":[{"embeddable":true,"href":"https:\/\/www.bhak-eisenstadt.at\/2016\/wp-json\/wp\/v2\/comments?post=2297"}],"version-history":[{"count":71,"href":"https:\/\/www.bhak-eisenstadt.at\/2016\/wp-json\/wp\/v2\/pages\/2297\/revisions"}],"predecessor-version":[{"id":4404,"href":"https:\/\/www.bhak-eisenstadt.at\/2016\/wp-json\/wp\/v2\/pages\/2297\/revisions\/4404"}],"wp:attachment":[{"href":"https:\/\/www.bhak-eisenstadt.at\/2016\/wp-json\/wp\/v2\/media?parent=2297"}],"curies":[{"name":"wp","href":"https:\/\/api.w.org\/{rel}","templated":true}]}}