{"id":263,"date":"2017-06-02T09:28:54","date_gmt":"2017-06-02T07:28:54","guid":{"rendered":"http:\/\/www.bhak-eisenstadt.at\/2016\/?page_id=263"},"modified":"2024-09-05T17:01:02","modified_gmt":"2024-09-05T15:01:02","slug":"ausbildungsschwerpunkte","status":"publish","type":"page","link":"https:\/\/www.bhak-eisenstadt.at\/2016\/hak\/ausbildungsschwerpunkte\/","title":{"rendered":"Ausbildungsschwerpunkte"},"content":{"rendered":"<p><strong>Ab dem dritten Jahrgang<\/strong> kannst du in der Handelsakademie zwischen den folgenden Ausbildungsschwerpunkten w\u00e4hlen, die alle als <strong>Notebook-Klassen<\/strong> gef\u00fchrt werden:<\/p>\n<p><span style=\"color: #99141b;\"><strong>Entrepreneurship und Management<\/strong><\/span><\/p>\n<hr \/>\n<p><span lang=\"DE\">In diesem Ausbildungsschwerpunkt\u00a0erlernen die Sch\u00fclerinnen und Sch\u00fcler\u00a0unternehmerisches Denken und alle Grundlagen f\u00fcr die Unternehmensgr\u00fcndung und Unternehmensf\u00fchrung. Dabei kommen Unterrichtsmethoden wie Fallstudien, Rollenspiele, Planspiele und projektorientierte Ans\u00e4tze verst\u00e4rkt zum Einsatz.<\/span><\/p>\n<p><span lang=\"DE\">N\u00e4here Informationen finden Sie hier im <span style=\"color: #99141b;\"><a style=\"color: #99141b;\" href=\"http:\/\/www.bhak-eisenstadt.at\/2016\/wp-content\/uploads\/2017\/06\/Informationsblatt-f\u00fcr-Ausbildungsschwerpunkt-Entrepreneurship-und-Management.pdf\">Informationsblatt<\/a>!<\/span><\/span><\/p>\n<p><span style=\"color: #99141b;\"><strong>Controlling, Wirtschaftspraxis und Steuern<\/strong><\/span><\/p>\n<hr \/>\n<p>Ziel dieses Ausbildungsschwerpunktes ist der Erwerb vertiefender Kenntnisse im Rechnungswesen in Verkn\u00fcpfung mit betriebswirtschaftlichem Wissen. Spannende Aufgabenstellungen aus der Praxis und der Einsatz von g\u00e4ngigen Buchhaltungsprogrammen bereiten dich auf eine Karriere in diesem in der Wirtschaft sehr gefragten Bereich optimal vor.<\/p>\n<p>N\u00e4here Informationen\u00a0finden Sie\u00a0hier im <span style=\"color: #99141b;\"><a style=\"color: #99141b;\" href=\"http:\/\/www.bhak-eisenstadt.at\/2016\/wp-content\/uploads\/2019\/03\/Informationsblatt-Ausbildungsschwerpunkt-COAC.pdf\" target=\"_blank\" rel=\"noopener noreferrer\">Informationsblatt<\/a>!<\/span><\/p>\n<p><span style=\"color: #99141b;\"><strong>Informations- und Kommunikationstechnologie &#8211; E-Business<\/strong><\/span><\/p>\n<hr \/>\n<p>In diesem Ausbildungsschwerpunkt lernen die Sch\u00fclerinnen und Sch\u00fcler die M\u00f6glichkeiten der neuen Informations- und Kommunikationstechnologien kennen und werden zu Experten im Bereich der neuen Medien ausgebildet!<\/p>\n<p>Wir stellen die Ausbildungsschwerpunkte in kurzen <a href=\"https:\/\/youtube.com\/playlist?list=PLypHX0XDm9eeX-nfOu39iFsuwzoG1rMhK\" target=\"_blank\" rel=\"noreferrer noopener\">Videos<\/a> vor.<\/p>\n<p>N\u00e4here Informationen finden Sie hier im <span style=\"color: #99141b;\"><a style=\"color: #99141b;\" href=\"http:\/\/www.bhak-eisenstadt.at\/2016\/wp-content\/uploads\/2017\/06\/Informationsblatt-fu\u0308r-Ausbildungsschwerpunkte-IT.pdf\" target=\"_blank\" rel=\"noopener noreferrer\">Informationsblatt<\/a>!<\/span><\/p>\n\n\n<p><\/p>\n","protected":false},"excerpt":{"rendered":"<p>Ab dem dritten Jahrgang kannst du in der Handelsakademie zwischen den folgenden Ausbildungsschwerpunkten w\u00e4hlen, die alle als Notebook-Klassen gef\u00fchrt werden: Entrepreneurship und Management In diesem Ausbildungsschwerpunkt\u00a0erlernen die Sch\u00fclerinnen und Sch\u00fcler\u00a0unternehmerisches Denken und alle Grundlagen f\u00fcr die Unternehmensgr\u00fcndung und Unternehmensf\u00fchrung. Dabei kommen Unterrichtsmethoden wie Fallstudien, Rollenspiele, Planspiele und projektorientierte Ans\u00e4tze verst\u00e4rkt zum Einsatz. N\u00e4here Informationen finden <a class=\"more-link\" href=\"https:\/\/www.bhak-eisenstadt.at\/2016\/hak\/ausbildungsschwerpunkte\/\">Weiterlesen&#8230;<\/a><\/p>\n","protected":false},"author":3,"featured_media":0,"parent":29,"menu_order":2,"comment_status":"closed","ping_status":"closed","template":"","meta":[],"amp_enabled":true,"_links":{"self":[{"href":"https:\/\/www.bhak-eisenstadt.at\/2016\/wp-json\/wp\/v2\/pages\/263"}],"collection":[{"href":"https:\/\/www.bhak-eisenstadt.at\/2016\/wp-json\/wp\/v2\/pages"}],"about":[{"href":"https:\/\/www.bhak-eisenstadt.at\/2016\/wp-json\/wp\/v2\/types\/page"}],"author":[{"embeddable":true,"href":"https:\/\/www.bhak-eisenstadt.at\/2016\/wp-json\/wp\/v2\/users\/3"}],"replies":[{"embeddable":true,"href":"https:\/\/www.bhak-eisenstadt.at\/2016\/wp-json\/wp\/v2\/comments?post=263"}],"version-history":[{"count":21,"href":"https:\/\/www.bhak-eisenstadt.at\/2016\/wp-json\/wp\/v2\/pages\/263\/revisions"}],"predecessor-version":[{"id":4090,"href":"https:\/\/www.bhak-eisenstadt.at\/2016\/wp-json\/wp\/v2\/pages\/263\/revisions\/4090"}],"up":[{"embeddable":true,"href":"https:\/\/www.bhak-eisenstadt.at\/2016\/wp-json\/wp\/v2\/pages\/29"}],"wp:attachment":[{"href":"https:\/\/www.bhak-eisenstadt.at\/2016\/wp-json\/wp\/v2\/media?parent=263"}],"curies":[{"name":"wp","href":"https:\/\/api.w.org\/{rel}","templated":true}]}}