{"id":2882,"date":"2021-08-03T17:57:42","date_gmt":"2021-08-03T15:57:42","guid":{"rendered":"https:\/\/www.bhak-eisenstadt.at\/2016\/?page_id=2882"},"modified":"2021-08-03T17:57:44","modified_gmt":"2021-08-03T15:57:44","slug":"ausbildung-bis-18-und-jugendcoaching","status":"publish","type":"page","link":"https:\/\/www.bhak-eisenstadt.at\/2016\/leitbild\/ausbildung-bis-18-und-jugendcoaching\/","title":{"rendered":"AusBildung bis 18 und Jugendcoaching"},"content":{"rendered":"\n<hr class=\"wp-block-separator\"\/>\n\n\n\n<p><strong><span style=\"color:#99141b\" class=\"has-inline-color\"><\/span><span style=\"color:#99141b\" class=\"has-inline-color\"><strong>AusBildung bis 18 und die Ausbildungspflicht<\/strong><\/span><\/strong><\/p>\n\n\n\n<p>Die AusBildung bis 18 ist eine Initiative der \u00f6sterreichischen Bundesregierung zur Anhebung des Bildungsniveaus junger Menschen. Ziel ist es, dass alle Jugendlichen eine Ausbildung abschlie\u00dfen, die \u00fcber den Pflichtschulabschluss hinausgeht, um ihnen bessere Zukunftschancen mit auf den Weg zu geben.<\/p>\n\n\n\n<p>Grundlage f\u00fcr die AusBildung bis 18 bildet das seit 2017 bundesweit geltende Ausbildungspflichtgesetz. Die Ausbildungspflicht sieht vor, dass alle Jugendlichen, die sich dauerhaft in \u00d6sterreich aufhalten, nach ihrer Schulpflicht bis zu ihrem 18. Geburtstag eine weiterf\u00fchrende Schule oder Berufsausbildung besuchen sollen.<\/p>\n\n\n\n<div class=\"wp-block-media-text alignwide is-stacked-on-mobile\" style=\"grid-template-columns:15% auto\"><figure class=\"wp-block-media-text__media\"><img loading=\"lazy\" width=\"303\" height=\"182\" src=\"https:\/\/www.bhak-eisenstadt.at\/2016\/wp-content\/uploads\/2021\/08\/Bmask-Logo.png\" alt=\"\" class=\"wp-image-2859 size-full\" srcset=\"https:\/\/www.bhak-eisenstadt.at\/2016\/wp-content\/uploads\/2021\/08\/Bmask-Logo.png 303w, https:\/\/www.bhak-eisenstadt.at\/2016\/wp-content\/uploads\/2021\/08\/Bmask-Logo-300x180.png 300w\" sizes=\"(max-width: 303px) 100vw, 303px\" \/><\/figure><div class=\"wp-block-media-text__content\">\n<p><em>Detaillierte Informationen finden Sie unter:<\/em><br><a href=\"https:\/\/ausbildungbis18.at\">https:\/\/ausbildungbis18.at<\/a><br><a href=\"https:\/\/www.bmbwf.gv.at\/Themen\/schule\/beratung\/schulinfo\/abp18.html\">https:\/\/www.bmbwf.gv.at<\/a><\/p>\n<\/div><\/div>\n\n\n\n<p><\/p>\n\n\n\n<p><span style=\"color:#99141b\" class=\"has-inline-color\"><strong>Jugendcoaching<\/strong><\/span><\/p>\n\n\n\n<p>&#8230; ist ein Angebot f\u00fcr Jugendliche und junge Erwachsene, die sich \u00fcber ihre beruflichen (Ausbildungs-) M\u00f6glichkeiten klar werden und ihre berufliche Zukunft aktiv mitgestalten wollen.<\/p>\n\n\n\n<p>Das Jugendcoaching unterst\u00fctzt Jugendliche ab dem 9. Schulbesuchsjahr bis zum vollendeten 24. Lebensjahr. Insbesondere werden abbruchs- und ausgrenzungsgef\u00e4hrdete Jugendliche, Jugendliche mit Behinderungen oder sonderp\u00e4dagogischem F\u00f6rderbedarf sowie NEETs (Not in Education, Employment or Training) beraten. Zur Zielgruppe geh\u00f6ren auch Jugendliche und deren Erziehungsberechtigte, die Unterst\u00fctzung bei der Erf\u00fcllung der Ausbildungspflicht ben\u00f6tigen, delinquente Jugendliche und jugendliche Asylwerber*innen.<\/p>\n\n\n\n<p>Um den Bildungsstand und die Arbeitsmarktchancen von Jugendlichen zu verbessern, ist es notwendig, fr\u00fchzeitige Ausbildungsabbr\u00fcche zu verhindern. <\/p>\n\n\n\n<p><em>Im Burgenland finden Sie unter diesem Link genauere Informationen:<\/em><br><a href=\"http:\/\/www.rettet-das-kind-bgld.at\/cms\/index.php\/berufliche-integration\/unsere-projekte\/jugendcoaching\">http:\/\/www.rettet-das-kind-bgld.at\/cms\/index.php\/berufliche-integration\/unsere-projekte\/jugendcoaching<\/a><\/p>\n\n\n\n<p><em>Weitere Infos:<\/em><br><a href=\"https:\/\/www.neba.at\/jugendcoaching\">https:\/\/www.neba.at\/jugendcoaching<\/a><br><a href=\"https:\/\/www.sozialministeriumservice.at\/Arbeitsmarktprojekte\/NEBA\/Jugendcoaching\/Jugendcoaching.de.html\">https:\/\/www.sozialministeriumservice.at\/Arbeitsmarktprojekte\/NEBA\/Jugendcoaching\/Jugendcoaching.de.html<\/a><\/p>\n","protected":false},"excerpt":{"rendered":"<p>AusBildung bis 18 und die Ausbildungspflicht Die AusBildung bis 18 ist eine Initiative der \u00f6sterreichischen Bundesregierung zur Anhebung des Bildungsniveaus junger Menschen. Ziel ist es, dass alle Jugendlichen eine Ausbildung abschlie\u00dfen, die \u00fcber den Pflichtschulabschluss hinausgeht, um ihnen bessere Zukunftschancen mit auf den Weg zu geben. Grundlage f\u00fcr die AusBildung bis 18 bildet das seit <a class=\"more-link\" href=\"https:\/\/www.bhak-eisenstadt.at\/2016\/leitbild\/ausbildung-bis-18-und-jugendcoaching\/\">Weiterlesen&#8230;<\/a><\/p>\n","protected":false},"author":4,"featured_media":0,"parent":75,"menu_order":0,"comment_status":"closed","ping_status":"closed","template":"","meta":[],"amp_enabled":true,"_links":{"self":[{"href":"https:\/\/www.bhak-eisenstadt.at\/2016\/wp-json\/wp\/v2\/pages\/2882"}],"collection":[{"href":"https:\/\/www.bhak-eisenstadt.at\/2016\/wp-json\/wp\/v2\/pages"}],"about":[{"href":"https:\/\/www.bhak-eisenstadt.at\/2016\/wp-json\/wp\/v2\/types\/page"}],"author":[{"embeddable":true,"href":"https:\/\/www.bhak-eisenstadt.at\/2016\/wp-json\/wp\/v2\/users\/4"}],"replies":[{"embeddable":true,"href":"https:\/\/www.bhak-eisenstadt.at\/2016\/wp-json\/wp\/v2\/comments?post=2882"}],"version-history":[{"count":3,"href":"https:\/\/www.bhak-eisenstadt.at\/2016\/wp-json\/wp\/v2\/pages\/2882\/revisions"}],"predecessor-version":[{"id":2885,"href":"https:\/\/www.bhak-eisenstadt.at\/2016\/wp-json\/wp\/v2\/pages\/2882\/revisions\/2885"}],"up":[{"embeddable":true,"href":"https:\/\/www.bhak-eisenstadt.at\/2016\/wp-json\/wp\/v2\/pages\/75"}],"wp:attachment":[{"href":"https:\/\/www.bhak-eisenstadt.at\/2016\/wp-json\/wp\/v2\/media?parent=2882"}],"curies":[{"name":"wp","href":"https:\/\/api.w.org\/{rel}","templated":true}]}}