{"id":3120,"date":"2021-12-21T19:57:15","date_gmt":"2021-12-21T18:57:15","guid":{"rendered":"https:\/\/www.bhak-eisenstadt.at\/2016\/?page_id=3120"},"modified":"2021-12-21T19:57:15","modified_gmt":"2021-12-21T18:57:15","slug":"esf-foerderstunden","status":"publish","type":"page","link":"https:\/\/www.bhak-eisenstadt.at\/2016\/leitbild\/esf-foerderstunden\/","title":{"rendered":"ESF-F\u00f6rderstunden"},"content":{"rendered":"\n<hr class=\"wp-block-separator\"\/>\n\n\n\n<figure class=\"wp-block-gallery columns-1 is-cropped\"><ul class=\"blocks-gallery-grid\"><li class=\"blocks-gallery-item\"><figure><img loading=\"lazy\" width=\"1024\" height=\"207\" src=\"https:\/\/www.bhak-eisenstadt.at\/2016\/wp-content\/uploads\/2021\/12\/logo2-1024x207.png\" alt=\"\" data-id=\"3121\" data-full-url=\"https:\/\/www.bhak-eisenstadt.at\/2016\/wp-content\/uploads\/2021\/12\/logo2.png\" data-link=\"https:\/\/www.bhak-eisenstadt.at\/2016\/?attachment_id=3121#main\" class=\"wp-image-3121\" srcset=\"https:\/\/www.bhak-eisenstadt.at\/2016\/wp-content\/uploads\/2021\/12\/logo2-1024x207.png 1024w, https:\/\/www.bhak-eisenstadt.at\/2016\/wp-content\/uploads\/2021\/12\/logo2-300x61.png 300w, https:\/\/www.bhak-eisenstadt.at\/2016\/wp-content\/uploads\/2021\/12\/logo2-768x155.png 768w, https:\/\/www.bhak-eisenstadt.at\/2016\/wp-content\/uploads\/2021\/12\/logo2.png 1214w\" sizes=\"(max-width: 1024px) 100vw, 1024px\" \/><\/figure><\/li><\/ul><\/figure>\n\n\n\n<p>S-6.1c COVID-19 &#8211; Unterrichtsbezogene F\u00f6rderangebote im Bereich der kaufm\u00e4nnischen Schulen im Schuljahr 2021\/22<\/p>\n\n\n\n<p><strong><span style=\"color:#99141b\" class=\"has-inline-color\"><\/span><span style=\"color:#99141b\" class=\"has-inline-color\"><strong><strong>Allgemeine Projektbeschreibung:<\/strong><\/strong><\/span><\/strong><\/p>\n\n\n\n<p>Sch\u00fclerinnen und Sch\u00fcler der 9. Schulstufe und\/oder Sch\u00fclerinnen und Sch\u00fcler der Abschlussklassen (inkl. Sonderformen) holen Lerndefizite in allgemeinbildenden und\/oder fachtheoretischen Pflichtgegenst\u00e4nden, die im vergangenen Schuljahr durch die COVID-19-Pandemie entstanden sind, in Form eines zus\u00e4tzlichen Stundenangebotes nach.<\/p>\n\n\n\n<p>Diese Stunden k\u00f6nnen als F\u00f6rderunterricht abgehalten werden. Sch\u00fclerinnen und Sch\u00fcler k\u00f6nnen je nach Bedarf diese Stunden besuchen. Dar\u00fcber hinaus kann auch eine Gruppenteilung in einem allgemeinbildenden und\/oder fachtheoretischen Pflichtgegenstand angeboten werden.<\/p>\n\n\n\n<p>Dieses Vorhaben wird aus Mitteln des Europ\u00e4ischen Sozialfonds als Teil der Reaktion der Union auf die COVID-19-Pandemie finanziert.<\/p>\n\n\n\n<p><em>Weitere Informationen finden Sie unter:<\/em><\/p>\n\n\n\n<p><a href=\"https:\/\/www.esf.at\/esf-in-oesterreich\/kommunikation-publizitaet\/\">Europ\u00e4ische Sozialfonds in \u00d6sterreich<\/a><br><\/p>\n\n\n\n<p><\/p>\n","protected":false},"excerpt":{"rendered":"<p>S-6.1c COVID-19 &#8211; Unterrichtsbezogene F\u00f6rderangebote im Bereich der kaufm\u00e4nnischen Schulen im Schuljahr 2021\/22 Allgemeine Projektbeschreibung: Sch\u00fclerinnen und Sch\u00fcler der 9. Schulstufe und\/oder Sch\u00fclerinnen und Sch\u00fcler der Abschlussklassen (inkl. Sonderformen) holen Lerndefizite in allgemeinbildenden und\/oder fachtheoretischen Pflichtgegenst\u00e4nden, die im vergangenen Schuljahr durch die COVID-19-Pandemie entstanden sind, in Form eines zus\u00e4tzlichen Stundenangebotes nach. Diese Stunden k\u00f6nnen als <a class=\"more-link\" href=\"https:\/\/www.bhak-eisenstadt.at\/2016\/leitbild\/esf-foerderstunden\/\">Weiterlesen&#8230;<\/a><\/p>\n","protected":false},"author":4,"featured_media":0,"parent":75,"menu_order":0,"comment_status":"closed","ping_status":"closed","template":"","meta":[],"amp_enabled":true,"_links":{"self":[{"href":"https:\/\/www.bhak-eisenstadt.at\/2016\/wp-json\/wp\/v2\/pages\/3120"}],"collection":[{"href":"https:\/\/www.bhak-eisenstadt.at\/2016\/wp-json\/wp\/v2\/pages"}],"about":[{"href":"https:\/\/www.bhak-eisenstadt.at\/2016\/wp-json\/wp\/v2\/types\/page"}],"author":[{"embeddable":true,"href":"https:\/\/www.bhak-eisenstadt.at\/2016\/wp-json\/wp\/v2\/users\/4"}],"replies":[{"embeddable":true,"href":"https:\/\/www.bhak-eisenstadt.at\/2016\/wp-json\/wp\/v2\/comments?post=3120"}],"version-history":[{"count":3,"href":"https:\/\/www.bhak-eisenstadt.at\/2016\/wp-json\/wp\/v2\/pages\/3120\/revisions"}],"predecessor-version":[{"id":3125,"href":"https:\/\/www.bhak-eisenstadt.at\/2016\/wp-json\/wp\/v2\/pages\/3120\/revisions\/3125"}],"up":[{"embeddable":true,"href":"https:\/\/www.bhak-eisenstadt.at\/2016\/wp-json\/wp\/v2\/pages\/75"}],"wp:attachment":[{"href":"https:\/\/www.bhak-eisenstadt.at\/2016\/wp-json\/wp\/v2\/media?parent=3120"}],"curies":[{"name":"wp","href":"https:\/\/api.w.org\/{rel}","templated":true}]}}