{"id":357,"date":"2017-06-02T10:29:33","date_gmt":"2017-06-02T08:29:33","guid":{"rendered":"http:\/\/www.bhak-eisenstadt.at\/2016\/?page_id=357"},"modified":"2022-10-29T20:12:42","modified_gmt":"2022-10-29T18:12:42","slug":"stundentafel-handelsschule","status":"publish","type":"page","link":"https:\/\/www.bhak-eisenstadt.at\/2016\/has\/stundentafel-handelsschule\/","title":{"rendered":"Stundentafel Handelsschule"},"content":{"rendered":"<table width=\"475\">\n<tbody>\n<tr>\n<td rowspan=\"2\" width=\"239\"><\/td>\n<td colspan=\"3\" width=\"170\">\n<p style=\"text-align: center;\"><strong>Wochenstunden pro Klasse<\/strong><\/p>\n<\/td>\n<td style=\"text-align: center;\" width=\"66\"><\/td>\n<\/tr>\n<tr>\n<td style=\"text-align: center;\" width=\"57\"><strong>1.<\/strong><\/td>\n<td style=\"text-align: center;\" width=\"57\"><strong>2.<\/strong><\/td>\n<td style=\"text-align: center;\" width=\"57\"><strong>3.<\/strong><\/td>\n<td width=\"66\">\n<p style=\"text-align: center;\"><strong>Summe<\/strong><\/p>\n<\/td>\n<\/tr>\n<tr>\n<td colspan=\"5\" width=\"475\"><strong>Pflichtgegenst\u00e4nde <\/strong><\/td>\n<\/tr>\n<tr>\n<td colspan=\"5\" width=\"475\"><strong>Sprachkompetenz<\/strong><\/td>\n<\/tr>\n<tr>\n<td width=\"239\">Deutsch<\/td>\n<td width=\"57\">\n<p style=\"text-align: center;\">5<\/p>\n<\/td>\n<td style=\"text-align: center;\" width=\"57\">5<\/td>\n<td style=\"text-align: center;\" width=\"57\">4<\/td>\n<td width=\"66\">\n<p style=\"text-align: center;\">14<\/p>\n<\/td>\n<\/tr>\n<tr>\n<td width=\"239\">Englisch einschlie\u00dflich Wirtschaftssprache<\/td>\n<td width=\"57\">\n<p style=\"text-align: center;\">3<\/p>\n<\/td>\n<td style=\"text-align: center;\" width=\"57\">3<\/td>\n<td style=\"text-align: center;\" width=\"57\">3<\/td>\n<td width=\"66\">\n<p style=\"text-align: center;\">9<\/p>\n<\/td>\n<\/tr>\n<tr>\n<td colspan=\"5\" width=\"475\"><strong>Sozialkompetenz und Pers\u00f6nlichkeitsentwicklung<\/strong><\/td>\n<\/tr>\n<tr>\n<td width=\"239\">Religion<\/td>\n<td width=\"57\">\n<p style=\"text-align: center;\">2<\/p>\n<\/td>\n<td style=\"text-align: center;\" width=\"57\">2<\/td>\n<td style=\"text-align: center;\" width=\"57\">2<\/td>\n<td width=\"66\">\n<p style=\"text-align: center;\">6<\/p>\n<\/td>\n<\/tr>\n<tr>\n<td width=\"239\">Pers\u00f6nlichkeitsbildung und soziale Kompetenz<\/td>\n<td width=\"57\">\n<p style=\"text-align: center;\">2<\/p>\n<\/td>\n<td style=\"text-align: center;\" width=\"57\">2<\/td>\n<td style=\"text-align: center;\" width=\"57\">1<\/td>\n<td width=\"66\">\n<p style=\"text-align: center;\">5<\/p>\n<\/td>\n<\/tr>\n<tr>\n<td width=\"239\">Bewegung und Sport<\/td>\n<td width=\"57\">\n<p style=\"text-align: center;\">2<\/p>\n<\/td>\n<td style=\"text-align: center;\" width=\"57\">2<\/td>\n<td style=\"text-align: center;\" width=\"57\">1<\/td>\n<td width=\"66\">\n<p style=\"text-align: center;\">5<\/p>\n<\/td>\n<\/tr>\n<tr>\n<td colspan=\"5\" width=\"475\"><strong>Wirtschaftskompetenz<\/strong><\/td>\n<\/tr>\n<tr>\n<td width=\"239\">Betriebswirtschaft, Wirtschaftliches Rechnen, Rechnungswesen<\/td>\n<td width=\"57\">\n<p style=\"text-align: center;\">3<\/p>\n<\/td>\n<td style=\"text-align: center;\" width=\"57\">3<\/td>\n<td style=\"text-align: center;\" width=\"57\">3<\/td>\n<td width=\"66\">\n<p style=\"text-align: center;\">9<\/p>\n<\/td>\n<\/tr>\n<tr>\n<td width=\"239\">Betriebswirtschaftliche \u00dcbungen einschlie\u00dflich \u00dcbungsfirma, Projekt- management und Projektarbeit<\/td>\n<td width=\"57\">\n<p style=\"text-align: center;\">4<\/p>\n<\/td>\n<td style=\"text-align: center;\" width=\"57\">4<\/td>\n<td style=\"text-align: center;\" width=\"57\">6<\/td>\n<td width=\"66\">\n<p style=\"text-align: center;\">14<\/p>\n<\/td>\n<\/tr>\n<tr>\n<td width=\"239\">Officemanagement und angewandte Informatik<\/td>\n<td width=\"57\">\n<p style=\"text-align: center;\">5<\/p>\n<\/td>\n<td style=\"text-align: center;\" width=\"57\">3<\/td>\n<td style=\"text-align: center;\" width=\"57\">5<\/td>\n<td width=\"66\">\n<p style=\"text-align: center;\">13<\/p>\n<\/td>\n<\/tr>\n<tr>\n<td width=\"239\">Kundenorientierung und Verkauf<\/td>\n<td width=\"57\">\n<p style=\"text-align: center;\">&#8211;<\/p>\n<\/td>\n<td style=\"text-align: center;\" width=\"57\">2<\/td>\n<td style=\"text-align: center;\" width=\"57\">&#8211;<\/td>\n<td width=\"66\">\n<p style=\"text-align: center;\">2<\/p>\n<\/td>\n<\/tr>\n<tr>\n<td colspan=\"5\" width=\"475\"><strong>Gesellschaft und Umwelt<\/strong><\/td>\n<\/tr>\n<tr>\n<td width=\"239\">Volkswirtschaft und Recht<\/td>\n<td width=\"57\">\n<p style=\"text-align: center;\">&#8211;<\/p>\n<\/td>\n<td style=\"text-align: center;\" width=\"57\">&#8211;<\/td>\n<td style=\"text-align: center;\" width=\"57\">2<\/td>\n<td width=\"66\">\n<p style=\"text-align: center;\">2<\/p>\n<\/td>\n<\/tr>\n<tr>\n<td width=\"239\">Politische Bildung und Zeitgeschichte<\/td>\n<td width=\"57\">\n<p style=\"text-align: center;\">2<\/p>\n<\/td>\n<td style=\"text-align: center;\" width=\"57\">2<\/td>\n<td style=\"text-align: center;\" width=\"57\">1<\/td>\n<td width=\"66\">\n<p style=\"text-align: center;\">5<\/p>\n<\/td>\n<\/tr>\n<tr>\n<td width=\"239\">Geografie (Wirtschafts- und Kulturr\u00e4ume)<\/td>\n<td width=\"57\">\n<p style=\"text-align: center;\">2<\/p>\n<\/td>\n<td style=\"text-align: center;\" width=\"57\">2<\/td>\n<td style=\"text-align: center;\" width=\"57\">&#8211;<\/td>\n<td width=\"66\">\n<p style=\"text-align: center;\">4<\/p>\n<\/td>\n<\/tr>\n<tr>\n<td width=\"239\">Angewandte Naturwissenschaften und Warenlehre<\/td>\n<td width=\"57\">\n<p style=\"text-align: center;\">&#8211;<\/p>\n<\/td>\n<td style=\"text-align: center;\" width=\"57\">3<\/td>\n<td style=\"text-align: center;\" width=\"57\">2<\/td>\n<td width=\"66\">\n<p style=\"text-align: center;\">5<\/p>\n<\/td>\n<\/tr>\n<tr>\n<td width=\"239\"><strong>Gesamtwochenstundenzahl<\/strong><\/td>\n<td width=\"57\">\n<p style=\"text-align: center;\"><strong>30<\/strong><\/p>\n<\/td>\n<td style=\"text-align: center;\" width=\"57\"><strong>33<\/strong><\/td>\n<td style=\"text-align: center;\" width=\"57\"><strong>30<\/strong><\/td>\n<td width=\"66\">\n<p style=\"text-align: center;\"><strong>93<\/strong><\/p>\n<\/td>\n<\/tr>\n<tr>\n<td width=\"239\"><strong>Praktikum<\/strong><\/td>\n<td width=\"57\"><\/td>\n<td width=\"57\"><\/td>\n<td width=\"57\"><\/td>\n<td width=\"66\">\n<p style=\"text-align: center;\"><strong>150<\/strong><\/p>\n<\/td>\n<\/tr>\n<\/tbody>\n<\/table>\n<p><a href=\"https:\/\/www.bhak-eisenstadt.at\/2016\/wp-content\/uploads\/2022\/10\/Stundentafel-2022_HAS_.pdf\" target=\"_blank\" rel=\"noopener noreferrer\">Hier auch zum Download als PDF!<\/a><\/p>\n","protected":false},"excerpt":{"rendered":"<p>Wochenstunden pro Klasse 1. 2. 3. Summe Pflichtgegenst\u00e4nde Sprachkompetenz Deutsch 5 5 4 14 Englisch einschlie\u00dflich Wirtschaftssprache 3 3 3 9 Sozialkompetenz und Pers\u00f6nlichkeitsentwicklung Religion 2 2 2 6 Pers\u00f6nlichkeitsbildung und soziale Kompetenz 2 2 1 5 Bewegung und Sport 2 2 1 5 Wirtschaftskompetenz Betriebswirtschaft, Wirtschaftliches Rechnen, Rechnungswesen 3 3 3 9 Betriebswirtschaftliche \u00dcbungen <a class=\"more-link\" href=\"https:\/\/www.bhak-eisenstadt.at\/2016\/has\/stundentafel-handelsschule\/\">Weiterlesen&#8230;<\/a><\/p>\n","protected":false},"author":3,"featured_media":0,"parent":35,"menu_order":2,"comment_status":"closed","ping_status":"closed","template":"","meta":[],"amp_enabled":true,"_links":{"self":[{"href":"https:\/\/www.bhak-eisenstadt.at\/2016\/wp-json\/wp\/v2\/pages\/357"}],"collection":[{"href":"https:\/\/www.bhak-eisenstadt.at\/2016\/wp-json\/wp\/v2\/pages"}],"about":[{"href":"https:\/\/www.bhak-eisenstadt.at\/2016\/wp-json\/wp\/v2\/types\/page"}],"author":[{"embeddable":true,"href":"https:\/\/www.bhak-eisenstadt.at\/2016\/wp-json\/wp\/v2\/users\/3"}],"replies":[{"embeddable":true,"href":"https:\/\/www.bhak-eisenstadt.at\/2016\/wp-json\/wp\/v2\/comments?post=357"}],"version-history":[{"count":8,"href":"https:\/\/www.bhak-eisenstadt.at\/2016\/wp-json\/wp\/v2\/pages\/357\/revisions"}],"predecessor-version":[{"id":3535,"href":"https:\/\/www.bhak-eisenstadt.at\/2016\/wp-json\/wp\/v2\/pages\/357\/revisions\/3535"}],"up":[{"embeddable":true,"href":"https:\/\/www.bhak-eisenstadt.at\/2016\/wp-json\/wp\/v2\/pages\/35"}],"wp:attachment":[{"href":"https:\/\/www.bhak-eisenstadt.at\/2016\/wp-json\/wp\/v2\/media?parent=357"}],"curies":[{"name":"wp","href":"https:\/\/api.w.org\/{rel}","templated":true}]}}