{"id":39,"date":"2017-03-20T21:31:21","date_gmt":"2017-03-20T20:31:21","guid":{"rendered":"http:\/\/www.bhak-eisenstadt.at\/2016\/?page_id=39"},"modified":"2018-01-25T17:55:16","modified_gmt":"2018-01-25T16:55:16","slug":"unser-team","status":"publish","type":"page","link":"https:\/\/www.bhak-eisenstadt.at\/2016\/unser-team\/","title":{"rendered":"Unser Team"},"content":{"rendered":"<p><img loading=\"lazy\" class=\"size-medium wp-image-1309 alignleft\" src=\"http:\/\/www.bhak-eisenstadt.at\/2016\/wp-content\/uploads\/2018\/01\/UnserTeam-1-300x200.png\" alt=\"\" width=\"300\" height=\"200\" \/>Unser Team ist stets bem\u00fcht einen guten Kontakt zu Sch\u00fclerinnen und Sch\u00fclern, Eltern, aber auch zu anderen Bildungseinrichtungen zu pflegen.<\/p>\n<p>&nbsp;<\/p>\n<p>&nbsp;<\/p>\n<p><!--more--><\/p>\n<p>&nbsp;<\/p>\n<p>Weitere Informationen:<\/p>\n<ul>\n<li><a href=\"http:\/\/www.bhak-eisenstadt.at\/2016\/?page_id=892\">Direktion, Administration und Sekretariat<\/a><\/li>\n<li><a href=\"http:\/\/www.bhak-eisenstadt.at\/2016\/?page_id=890\">Lehrerinnen und Lehrer<\/a><\/li>\n<li><a href=\"http:\/\/www.bhak-eisenstadt.at\/2016\/?page_id=894\">Schulpersonal<\/a><\/li>\n<\/ul>\n","protected":false},"excerpt":{"rendered":"<p>Unser Team ist stets bem\u00fcht einen guten Kontakt zu Sch\u00fclerinnen und Sch\u00fclern, Eltern, aber auch zu anderen Bildungseinrichtungen zu pflegen. &nbsp; &nbsp;<\/p>\n","protected":false},"author":4,"featured_media":0,"parent":0,"menu_order":0,"comment_status":"closed","ping_status":"closed","template":"","meta":[],"amp_enabled":true,"_links":{"self":[{"href":"https:\/\/www.bhak-eisenstadt.at\/2016\/wp-json\/wp\/v2\/pages\/39"}],"collection":[{"href":"https:\/\/www.bhak-eisenstadt.at\/2016\/wp-json\/wp\/v2\/pages"}],"about":[{"href":"https:\/\/www.bhak-eisenstadt.at\/2016\/wp-json\/wp\/v2\/types\/page"}],"author":[{"embeddable":true,"href":"https:\/\/www.bhak-eisenstadt.at\/2016\/wp-json\/wp\/v2\/users\/4"}],"replies":[{"embeddable":true,"href":"https:\/\/www.bhak-eisenstadt.at\/2016\/wp-json\/wp\/v2\/comments?post=39"}],"version-history":[{"count":26,"href":"https:\/\/www.bhak-eisenstadt.at\/2016\/wp-json\/wp\/v2\/pages\/39\/revisions"}],"predecessor-version":[{"id":1310,"href":"https:\/\/www.bhak-eisenstadt.at\/2016\/wp-json\/wp\/v2\/pages\/39\/revisions\/1310"}],"wp:attachment":[{"href":"https:\/\/www.bhak-eisenstadt.at\/2016\/wp-json\/wp\/v2\/media?parent=39"}],"curies":[{"name":"wp","href":"https:\/\/api.w.org\/{rel}","templated":true}]}}