{"id":771,"date":"2017-06-03T07:59:12","date_gmt":"2017-06-03T05:59:12","guid":{"rendered":"http:\/\/www.bhak-eisenstadt.at\/2016\/?page_id=771"},"modified":"2017-06-03T07:59:12","modified_gmt":"2017-06-03T05:59:12","slug":"leitbild","status":"publish","type":"page","link":"https:\/\/www.bhak-eisenstadt.at\/2016\/leitbild\/leitbild\/","title":{"rendered":"Leitbild"},"content":{"rendered":"<p><span style=\"color: #971400;\"><strong>UNSERE\u00a0IDENTIT\u00c4T<\/strong><\/span><\/p>\n<hr \/>\n<p>Als gr\u00f6\u00dfte und traditionsreichste kaufm\u00e4nnische Schule des Burgenlandes (die HAS besteht seit 1924, die HAK seit 1957) f\u00fchlen wir uns Tradition, Qualit\u00e4t und Innovation verpflichtet.<\/p>\n<p style=\"text-align: right;\"><span style=\"color: #971400;\"><em>Wir geben unser Bestes!<\/em><\/span><\/p>\n<p><span style=\"color: #971400;\"><strong>UNSERE\u00a0ARBEIT\u00a0<\/strong><\/span><\/p>\n<hr \/>\n<p><em><span style=\"color: #971400;\"><strong>Wertsch\u00e4tzender Umgang <\/strong><\/span><\/em>miteinander als Schl\u00fcssel erfolgreicher Kommunikation bildet die Grundlage der Zusammenarbeit zwischen Lehrenden und Lernenden.<\/p>\n<p style=\"text-align: right;\"><em><span style=\"color: #971400;\">Wir behandeln andere so, wie wir selbst behandelt werden wollen!<\/span><\/em><\/p>\n<p><em><span style=\"color: #971400;\"><strong>Teamwork <\/strong><span style=\"color: #000000;\">betrachten wir als Schl\u00fcsselelement zum L\u00f6sen komplexer Aufgaben, wir lernen mit- und v<\/span><\/span><\/em><span style=\"color: #000000;\">oneinander und sch\u00e4tzen die Talente der anderen.<\/span><\/p>\n<p style=\"text-align: right;\"><em><span style=\"color: #971400;\">Wir erreichen gemeinsam mehr!<\/span><\/em><\/p>\n<p><strong><em><span style=\"color: #971400;\">Leistungsbereitschaft<\/span><\/em> <\/strong>und professionelles Arbeiten erm\u00f6glichen eine erfolgreiche Schulkarriere, wir fordern und f\u00f6rdern die jungen Erwachsenen und bereiten sie so auf einen ausgezeichneten Start ins Berufsleben oder ins Studium vor.<\/p>\n<p style=\"text-align: right;\"><span style=\"color: #971400;\"><em>Wir haben ein gemeinsames Ziel!<\/em><\/span><\/p>\n<p><span style=\"color: #971400;\"><strong><em>Innovativer Unterricht<\/em> <\/strong><\/span>mit modernen Technologien und Methoden f\u00f6rdert die Motivation zum eigenverantwortlichen Lernen. Zus\u00e4tzliche Aktivit\u00e4ten (Sprachreisen, Exkursionen, Sportwochen\u2026) unterst\u00fctzen den Kompetenzerwerb ma\u00dfgeblich.<\/p>\n<p style=\"text-align: right;\"><span style=\"color: #971400;\"><em>Wir arbeiten heute schon mit den Mitteln von morgen!<\/em><\/span><\/p>\n<p><span style=\"color: #971400;\"><strong>UNSER ZIEL<\/strong><\/span><\/p>\n<hr \/>\n<p>Unsere Absolventinnen und Absolventen gestalten als m\u00fcndige B\u00fcrger\/innen durch praxisorientiertes Wissen, hohe Sozialkompetenz und unternehmerisches Denken eine moderne europ\u00e4ische Gesellschaft entscheidend mit.<\/p>\n<p style=\"text-align: right;\"><span style=\"color: #971400;\"><em>Wir vermitteln Werte!<\/em><\/span><\/p>\n","protected":false},"excerpt":{"rendered":"<p>UNSERE\u00a0IDENTIT\u00c4T Als gr\u00f6\u00dfte und traditionsreichste kaufm\u00e4nnische Schule des Burgenlandes (die HAS besteht seit 1924, die HAK seit 1957) f\u00fchlen wir uns Tradition, Qualit\u00e4t und Innovation verpflichtet. Wir geben unser Bestes! UNSERE\u00a0ARBEIT\u00a0 Wertsch\u00e4tzender Umgang miteinander als Schl\u00fcssel erfolgreicher Kommunikation bildet die Grundlage der Zusammenarbeit zwischen Lehrenden und Lernenden. Wir behandeln andere so, wie wir selbst behandelt <a class=\"more-link\" href=\"https:\/\/www.bhak-eisenstadt.at\/2016\/leitbild\/leitbild\/\">Weiterlesen&#8230;<\/a><\/p>\n","protected":false},"author":3,"featured_media":0,"parent":75,"menu_order":1,"comment_status":"closed","ping_status":"closed","template":"","meta":[],"amp_enabled":true,"_links":{"self":[{"href":"https:\/\/www.bhak-eisenstadt.at\/2016\/wp-json\/wp\/v2\/pages\/771"}],"collection":[{"href":"https:\/\/www.bhak-eisenstadt.at\/2016\/wp-json\/wp\/v2\/pages"}],"about":[{"href":"https:\/\/www.bhak-eisenstadt.at\/2016\/wp-json\/wp\/v2\/types\/page"}],"author":[{"embeddable":true,"href":"https:\/\/www.bhak-eisenstadt.at\/2016\/wp-json\/wp\/v2\/users\/3"}],"replies":[{"embeddable":true,"href":"https:\/\/www.bhak-eisenstadt.at\/2016\/wp-json\/wp\/v2\/comments?post=771"}],"version-history":[{"count":1,"href":"https:\/\/www.bhak-eisenstadt.at\/2016\/wp-json\/wp\/v2\/pages\/771\/revisions"}],"predecessor-version":[{"id":772,"href":"https:\/\/www.bhak-eisenstadt.at\/2016\/wp-json\/wp\/v2\/pages\/771\/revisions\/772"}],"up":[{"embeddable":true,"href":"https:\/\/www.bhak-eisenstadt.at\/2016\/wp-json\/wp\/v2\/pages\/75"}],"wp:attachment":[{"href":"https:\/\/www.bhak-eisenstadt.at\/2016\/wp-json\/wp\/v2\/media?parent=771"}],"curies":[{"name":"wp","href":"https:\/\/api.w.org\/{rel}","templated":true}]}}