{"id":775,"date":"2017-06-03T14:33:17","date_gmt":"2017-06-03T12:33:17","guid":{"rendered":"http:\/\/www.bhak-eisenstadt.at\/2016\/?page_id=775"},"modified":"2026-01-09T16:09:11","modified_gmt":"2026-01-09T15:09:11","slug":"cool-kooperatives-offenes-lernen","status":"publish","type":"page","link":"https:\/\/www.bhak-eisenstadt.at\/2016\/leitbild\/cool-kooperatives-offenes-lernen\/","title":{"rendered":"COOL &#8211; Dein Weg zu mehr Selbstst\u00e4ndigkeit und Teamwork an der BHAK\/BHAS Eisenstadt"},"content":{"rendered":"\n<hr class=\"wp-block-separator\"\/>\n\n\n\n<figure class=\"wp-block-gallery columns-2 is-cropped\"><ul class=\"blocks-gallery-grid\"><li class=\"blocks-gallery-item\"><figure><img loading=\"lazy\" width=\"1024\" height=\"683\" src=\"https:\/\/www.bhak-eisenstadt.at\/2016\/wp-content\/uploads\/2021\/07\/HAK-HAS-cooltrainers-12_pp-1024x683.jpg\" alt=\"\" data-id=\"2844\" data-link=\"https:\/\/www.bhak-eisenstadt.at\/2016\/leitbild\/cool-kooperatives-offenes-lernen\/hak-has-cooltrainers-12_pp\/#main\" class=\"wp-image-2844\" srcset=\"https:\/\/www.bhak-eisenstadt.at\/2016\/wp-content\/uploads\/2021\/07\/HAK-HAS-cooltrainers-12_pp-1024x683.jpg 1024w, https:\/\/www.bhak-eisenstadt.at\/2016\/wp-content\/uploads\/2021\/07\/HAK-HAS-cooltrainers-12_pp-300x200.jpg 300w, https:\/\/www.bhak-eisenstadt.at\/2016\/wp-content\/uploads\/2021\/07\/HAK-HAS-cooltrainers-12_pp-768x512.jpg 768w, https:\/\/www.bhak-eisenstadt.at\/2016\/wp-content\/uploads\/2021\/07\/HAK-HAS-cooltrainers-12_pp-1536x1025.jpg 1536w, https:\/\/www.bhak-eisenstadt.at\/2016\/wp-content\/uploads\/2021\/07\/HAK-HAS-cooltrainers-12_pp-2048x1366.jpg 2048w\" sizes=\"(max-width: 1024px) 100vw, 1024px\" \/><\/figure><\/li><li class=\"blocks-gallery-item\"><figure><img loading=\"lazy\" width=\"1024\" height=\"683\" src=\"https:\/\/www.bhak-eisenstadt.at\/2016\/wp-content\/uploads\/2021\/07\/HAK-HAS-cooltrainers-51_pp-1024x683.jpg\" alt=\"\" data-id=\"2845\" data-link=\"https:\/\/www.bhak-eisenstadt.at\/2016\/leitbild\/cool-kooperatives-offenes-lernen\/hak-has-cooltrainers-51_pp\/#main\" class=\"wp-image-2845\" srcset=\"https:\/\/www.bhak-eisenstadt.at\/2016\/wp-content\/uploads\/2021\/07\/HAK-HAS-cooltrainers-51_pp-1024x683.jpg 1024w, https:\/\/www.bhak-eisenstadt.at\/2016\/wp-content\/uploads\/2021\/07\/HAK-HAS-cooltrainers-51_pp-300x200.jpg 300w, https:\/\/www.bhak-eisenstadt.at\/2016\/wp-content\/uploads\/2021\/07\/HAK-HAS-cooltrainers-51_pp-768x512.jpg 768w, https:\/\/www.bhak-eisenstadt.at\/2016\/wp-content\/uploads\/2021\/07\/HAK-HAS-cooltrainers-51_pp-1536x1025.jpg 1536w, https:\/\/www.bhak-eisenstadt.at\/2016\/wp-content\/uploads\/2021\/07\/HAK-HAS-cooltrainers-51_pp-2048x1366.jpg 2048w\" sizes=\"(max-width: 1024px) 100vw, 1024px\" \/><\/figure><\/li><li class=\"blocks-gallery-item\"><figure><img loading=\"lazy\" width=\"1024\" height=\"683\" src=\"https:\/\/www.bhak-eisenstadt.at\/2016\/wp-content\/uploads\/2021\/07\/HAK-HAS-cooltrainers-61_pp-1024x683.jpg\" alt=\"\" data-id=\"2846\" data-link=\"https:\/\/www.bhak-eisenstadt.at\/2016\/leitbild\/cool-kooperatives-offenes-lernen\/hak-has-cooltrainers-61_pp\/#main\" class=\"wp-image-2846\" srcset=\"https:\/\/www.bhak-eisenstadt.at\/2016\/wp-content\/uploads\/2021\/07\/HAK-HAS-cooltrainers-61_pp-1024x683.jpg 1024w, https:\/\/www.bhak-eisenstadt.at\/2016\/wp-content\/uploads\/2021\/07\/HAK-HAS-cooltrainers-61_pp-300x200.jpg 300w, https:\/\/www.bhak-eisenstadt.at\/2016\/wp-content\/uploads\/2021\/07\/HAK-HAS-cooltrainers-61_pp-768x512.jpg 768w, https:\/\/www.bhak-eisenstadt.at\/2016\/wp-content\/uploads\/2021\/07\/HAK-HAS-cooltrainers-61_pp-1536x1025.jpg 1536w, https:\/\/www.bhak-eisenstadt.at\/2016\/wp-content\/uploads\/2021\/07\/HAK-HAS-cooltrainers-61_pp-2048x1366.jpg 2048w\" sizes=\"(max-width: 1024px) 100vw, 1024px\" \/><\/figure><\/li><li class=\"blocks-gallery-item\"><figure><img loading=\"lazy\" width=\"1024\" height=\"683\" src=\"https:\/\/www.bhak-eisenstadt.at\/2016\/wp-content\/uploads\/2021\/07\/HAK-HAS-cooltrainers-95_pp-1024x683.jpg\" alt=\"\" data-id=\"2847\" data-link=\"https:\/\/www.bhak-eisenstadt.at\/2016\/leitbild\/cool-kooperatives-offenes-lernen\/hak-has-cooltrainers-95_pp\/#main\" class=\"wp-image-2847\" srcset=\"https:\/\/www.bhak-eisenstadt.at\/2016\/wp-content\/uploads\/2021\/07\/HAK-HAS-cooltrainers-95_pp-1024x683.jpg 1024w, https:\/\/www.bhak-eisenstadt.at\/2016\/wp-content\/uploads\/2021\/07\/HAK-HAS-cooltrainers-95_pp-300x200.jpg 300w, https:\/\/www.bhak-eisenstadt.at\/2016\/wp-content\/uploads\/2021\/07\/HAK-HAS-cooltrainers-95_pp-768x512.jpg 768w, https:\/\/www.bhak-eisenstadt.at\/2016\/wp-content\/uploads\/2021\/07\/HAK-HAS-cooltrainers-95_pp-1536x1025.jpg 1536w, https:\/\/www.bhak-eisenstadt.at\/2016\/wp-content\/uploads\/2021\/07\/HAK-HAS-cooltrainers-95_pp-2048x1366.jpg 2048w\" sizes=\"(max-width: 1024px) 100vw, 1024px\" \/><\/figure><\/li><li class=\"blocks-gallery-item\"><figure><img loading=\"lazy\" width=\"1000\" height=\"667\" src=\"https:\/\/www.bhak-eisenstadt.at\/2016\/wp-content\/uploads\/2026\/01\/HAK-HAS-cooltrainers-110_pp.jpg\" alt=\"\" data-id=\"4430\" data-full-url=\"https:\/\/www.bhak-eisenstadt.at\/2016\/wp-content\/uploads\/2026\/01\/HAK-HAS-cooltrainers-110_pp.jpg\" data-link=\"https:\/\/www.bhak-eisenstadt.at\/2016\/leitbild\/cool-kooperatives-offenes-lernen\/hak-has-cooltrainers-110_pp\/#main\" class=\"wp-image-4430\" srcset=\"https:\/\/www.bhak-eisenstadt.at\/2016\/wp-content\/uploads\/2026\/01\/HAK-HAS-cooltrainers-110_pp.jpg 1000w, https:\/\/www.bhak-eisenstadt.at\/2016\/wp-content\/uploads\/2026\/01\/HAK-HAS-cooltrainers-110_pp-300x200.jpg 300w, https:\/\/www.bhak-eisenstadt.at\/2016\/wp-content\/uploads\/2026\/01\/HAK-HAS-cooltrainers-110_pp-768x512.jpg 768w\" sizes=\"(max-width: 1000px) 100vw, 1000px\" \/><\/figure><\/li><li class=\"blocks-gallery-item\"><figure><img loading=\"lazy\" width=\"1000\" height=\"667\" src=\"https:\/\/www.bhak-eisenstadt.at\/2016\/wp-content\/uploads\/2026\/01\/HAK-HAS-cooltrainers-136_pp.jpg\" alt=\"\" data-id=\"4431\" data-full-url=\"https:\/\/www.bhak-eisenstadt.at\/2016\/wp-content\/uploads\/2026\/01\/HAK-HAS-cooltrainers-136_pp.jpg\" data-link=\"https:\/\/www.bhak-eisenstadt.at\/2016\/leitbild\/cool-kooperatives-offenes-lernen\/hak-has-cooltrainers-136_pp\/#main\" class=\"wp-image-4431\" srcset=\"https:\/\/www.bhak-eisenstadt.at\/2016\/wp-content\/uploads\/2026\/01\/HAK-HAS-cooltrainers-136_pp.jpg 1000w, https:\/\/www.bhak-eisenstadt.at\/2016\/wp-content\/uploads\/2026\/01\/HAK-HAS-cooltrainers-136_pp-300x200.jpg 300w, https:\/\/www.bhak-eisenstadt.at\/2016\/wp-content\/uploads\/2026\/01\/HAK-HAS-cooltrainers-136_pp-768x512.jpg 768w\" sizes=\"(max-width: 1000px) 100vw, 1000px\" \/><\/figure><\/li><\/ul><\/figure>\n\n\n\n<h2><span style=\"color: #971400;\"><b>Was ist COOL?<\/b><\/span><\/h2>\n\n\n\n<p>COOL steht f\u00fcr Cooperatives Offenes Lernen \u2013 und das bedeutet, dass du bei uns nicht nur Fachwissen lernst, sondern auch wichtige Skills f\u00fcrs Leben. Du arbeitest selbstst\u00e4ndig undou frei mit deinen Kolleg:innen im Team und trainierst F\u00e4higkeiten wie Zeitmanagement, Kommunikation und Eigenverantwortung.<\/p>\n\n\n\n<p><\/p>\n\n\n\n<h2 class=\"has-vivid-red-color has-text-color\"><strong><span style=\"color: #971400;\"><b>So l\u00e4uft Cool bei uns<\/b><\/span><\/strong><\/h2>\n\n\n\n<ul><li><strong>COOLer&nbsp;Start:<\/strong>&nbsp;Schon in der&nbsp;ersten&nbsp;Klasse&nbsp;bekommst du eine Einf\u00fchrung ins&nbsp;<em>COOLe&nbsp;Arbeiten<\/em>. Dabei lernst du, wie du in Gruppen deine Rolle findest und wie du dich selbst am besten organisierst.&nbsp;<\/li><\/ul>\n\n\n\n<ul><li><strong>COOL&nbsp;Tage:<\/strong>&nbsp;Ab der&nbsp;1.&nbsp;Klasse&nbsp;gibt es&nbsp;regelm\u00e4\u00dfig&nbsp;COOL&nbsp;Tage. An diesen Tagen kannst du selbst entscheiden, wann, wo, mit wem&nbsp;und wie du an deinen Aufgaben arbeitest \u2013 ganz nach deinem Tempo.&nbsp;<\/li><\/ul>\n\n\n\n<ul><li><strong>Dein Plan, deine Verantwortung:<\/strong>&nbsp;In den&nbsp;COOL&nbsp;Stunden bearbeitest du Aufgaben aus verschiedenen F\u00e4chern, oft auch im Team. Deine&nbsp;Lehrer:innen&nbsp;begleiten dich dabei als&nbsp;Lernbegleiter:innen&nbsp;und stehen dir zur Seite.&nbsp;<\/li><\/ul>\n\n\n\n<p><\/p>\n\n\n\n<h2><strong><span style=\"color: #971400;\"><b>Projekte die dich weiterbringen<\/b><\/span><\/strong><\/h2>\n\n\n\n<p>Neben den&nbsp;COOL&nbsp;Stunden gibt es an unserer Schule spannende Projekte, die dir zeigen, wie Theorie und Praxis zusammenpassen:&nbsp;<\/p>\n\n\n\n<ul><li><strong>BoP&nbsp;(Handelsschule):<\/strong>&nbsp;Hier arbeitest du an einem Projekt mit sozialen Einrichtungen. Du entscheidest, welches Thema dich interessiert, und entwickelst mit deinem Team L\u00f6sungen, die du sp\u00e4ter umsetzt.&nbsp;<\/li><\/ul>\n\n\n\n<ul><li><strong>WiPS&nbsp;(Handelsakademie):<\/strong>&nbsp;Tage voller Praxis: Mit deiner Klasse arbeitest du an&nbsp;zukunftsrelevanten, wirtschaftlichen und gesellschaftlichen Themen\u2013 f\u00e4cher\u00fcbergreifend und kreativ.&nbsp;<\/li><\/ul>\n\n\n\n<ul><li><strong>Junior Company (Handelsakademie):<\/strong>&nbsp;Gr\u00fcndet eure eigene Firma! Vom Teambuilding \u00fcber Produktideen bis hin zu den t\u00e4glichen Aufgaben einer Firma \u2013 hier \u00fcbernimmst du Verantwortung wie in der echten Arbeitswelt.&nbsp;<\/li><\/ul>\n\n\n\n<ul><li><strong>Lernbegleitung:<\/strong>&nbsp;Gemeinsam mit&nbsp;deinen Lehrenden&nbsp;sprichst du&nbsp;\u00fcber deine&nbsp;Lernfortschritte, Herausforderungen&nbsp;und Ziele.&nbsp;<\/li><\/ul>\n\n\n\n<p><\/p>\n\n\n\n<h2><strong><span style=\"color: #971400;\"><b>Warum ist COOL etwas f\u00fcr dich?<\/b><\/span><\/strong><\/h2>\n\n\n\n<p>Mit COOL lernst du, selbstst\u00e4ndig zu arbeiten, Verantwortung zu \u00fcbernehmen und dich gut zu organisieren \u2013 Dinge, die du im Job und im Leben immer brauchen wirst. Au\u00dferdem f\u00f6rdert es deine Kreativit\u00e4t, dein kritisches Denken und deine Kommunikationsf\u00e4higkeiten. Bei uns kannst du aktiv mitgestalten und in deinem eigenen Tempo arbeiten.<\/p>\n\n\n\n<p>Seit 2015 sind wir eine COOL-zertifizierte Schule und stolz darauf, dir mit diesem Konzept den Weg in die Zukunft zu erleichtern. Also, worauf wartest du? Mach dein Lernen bei uns COOL!<\/p>\n\n\n\n<p>Weitere Infos unter&nbsp;<a rel=\"noreferrer noopener\" href=\"http:\/\/www.cooltrainers.at\/\" target=\"_blank\">www.cooltrainers.at<\/a>&nbsp;&nbsp;<\/p>\n\n\n\n<p><\/p>\n\n\n\n<h2><strong><span style=\"color: #971400;\"><b><strong>Das sagen&nbsp;Lehrer:innen&nbsp;und&nbsp;Sch\u00fcler:innen<\/strong><\/b><\/span><\/strong><\/h2>\n\n\n\n<p>\u201cIch bin sehr beeindruckt davon, wie das&nbsp;CooL-Konzept hier organisiert und strukturiert ist. Insbesondere die Sch\u00fcler*innen wirkten sehr selbstorganisiert und selbstbewusst bei der Pr\u00e4sentation ihrer Arbeitsergebnisse und das fand ich sehr beeindruckend. Die bisher beste COOL-Umsetzung, die ich sehen durfte.\u201d&nbsp;Lehrer:in&nbsp;am Studienseminar Stade&nbsp;<\/p>\n\n\n\n<p>\u201cMir war heute wichtig m\u00f6glichst viel in Gruppen zu arbeiten. Es war&nbsp;wirklich cool, dass wir zusammen unsere Teamarbeit st\u00e4rken konnten. Mir ging es auch darum m\u00f6glichst frei zu arbeiten.\u201d&nbsp;Sch\u00fcler:in&nbsp;nach einem&nbsp;COOL&nbsp;Tag&nbsp;<\/p>\n\n\n\n<p><\/p>\n","protected":false},"excerpt":{"rendered":"<p>Was ist COOL? COOL steht f\u00fcr Cooperatives Offenes Lernen \u2013 und das bedeutet, dass du bei uns nicht nur Fachwissen lernst, sondern auch wichtige Skills f\u00fcrs Leben. Du arbeitest selbstst\u00e4ndig undou frei mit deinen Kolleg:innen im Team und trainierst F\u00e4higkeiten wie Zeitmanagement, Kommunikation und Eigenverantwortung. So l\u00e4uft Cool bei uns COOLer&nbsp;Start:&nbsp;Schon in der&nbsp;ersten&nbsp;Klasse&nbsp;bekommst du eine <a class=\"more-link\" href=\"https:\/\/www.bhak-eisenstadt.at\/2016\/leitbild\/cool-kooperatives-offenes-lernen\/\">Weiterlesen&#8230;<\/a><\/p>\n","protected":false},"author":3,"featured_media":0,"parent":75,"menu_order":3,"comment_status":"closed","ping_status":"closed","template":"","meta":[],"amp_enabled":true,"_links":{"self":[{"href":"https:\/\/www.bhak-eisenstadt.at\/2016\/wp-json\/wp\/v2\/pages\/775"}],"collection":[{"href":"https:\/\/www.bhak-eisenstadt.at\/2016\/wp-json\/wp\/v2\/pages"}],"about":[{"href":"https:\/\/www.bhak-eisenstadt.at\/2016\/wp-json\/wp\/v2\/types\/page"}],"author":[{"embeddable":true,"href":"https:\/\/www.bhak-eisenstadt.at\/2016\/wp-json\/wp\/v2\/users\/3"}],"replies":[{"embeddable":true,"href":"https:\/\/www.bhak-eisenstadt.at\/2016\/wp-json\/wp\/v2\/comments?post=775"}],"version-history":[{"count":13,"href":"https:\/\/www.bhak-eisenstadt.at\/2016\/wp-json\/wp\/v2\/pages\/775\/revisions"}],"predecessor-version":[{"id":4432,"href":"https:\/\/www.bhak-eisenstadt.at\/2016\/wp-json\/wp\/v2\/pages\/775\/revisions\/4432"}],"up":[{"embeddable":true,"href":"https:\/\/www.bhak-eisenstadt.at\/2016\/wp-json\/wp\/v2\/pages\/75"}],"wp:attachment":[{"href":"https:\/\/www.bhak-eisenstadt.at\/2016\/wp-json\/wp\/v2\/media?parent=775"}],"curies":[{"name":"wp","href":"https:\/\/api.w.org\/{rel}","templated":true}]}}