{"id":834,"date":"2017-06-06T15:13:13","date_gmt":"2017-06-06T13:13:13","guid":{"rendered":"http:\/\/www.bhak-eisenstadt.at\/2016\/?page_id=834"},"modified":"2022-01-20T20:19:33","modified_gmt":"2022-01-20T19:19:33","slug":"neue-oberstufe","status":"publish","type":"page","link":"https:\/\/www.bhak-eisenstadt.at\/2016\/neue-oberstufe\/","title":{"rendered":"Neue Oberstufe"},"content":{"rendered":"\n<hr class=\"wp-block-separator is-style-default\"\/>\n\n\n<div class=\"item-page\">\n<div class=\"art-box art-post\">\n<div class=\"art-box-body art-post-body\">\n<div class=\"art-post-inner\">\n<div class=\"art-postcontent\">\n<div class=\"art-article\">\n<p><span style=\"color: #97141b;\"><strong>Hauptziele<\/strong><\/span><\/p>\n<hr>\n<ul>\n<li>Reduktion von Klassenwiederholungen (durch Fr\u00fchwarnungen, individuelle Lernbegleitung, Erh\u00f6hung der Eigenverantwortlichkeit der Sch\u00fcler\/innen)<\/li>\n<li>Begabtenf\u00f6rderung<\/li>\n<\/ul>\n<p><span style=\"color: #97141b;\"><strong>Grunds\u00e4tze<\/strong><\/span><\/p>\n<hr>\n<ul>\n<li>9. Schulstufe \u2013 wie bisher (Schulnachricht, Jahreszeugnis; Wiederholungspr\u00fcfungen bei max. 2 Nicht gen\u00fcgend m\u00f6glich)<\/li>\n<li>ab der 10. Schulstufe &#8211; Modulsystem<\/li>\n<li>Schuljahr wird in \u201eechte\u201c Semester gegliedert, d. h. es gibt Semesterzeugnisse<\/li>\n<li>jedes Semester wird extra beurteilt und abgeschlossen<\/li>\n<li>der Lehrstoff ist daher straff in Kompetenzmodule je Semester gegliedert<\/li>\n<li>jedes Nicht gen\u00fcgend im Semesterzeugnis muss ausgebessert werden!<\/li>\n<\/ul>\n<p><span style=\"color: #97141b;\"><strong>Negative Beurteilung im Semesterzeugnis &#8211; Semesterpr\u00fcfung<\/strong><\/span><\/p>\n<hr>\n<ul>\n<li>Lehrstoff der Semesterpr\u00fcfung \u2013 nur Bereiche, die fehlende Kompetenzen aufweisen (Beiblatt zum Zeugnis \u2013 informiert \u00fcber fehlende Kompetenzen, die zu einem Nicht gen\u00fcgend gef\u00fchrt haben)<\/li>\n<li>Semesterpr\u00fcfung = 1. Antritt<\/li>\n<li>2 weitere Antritte in den beiden darauffolgenden Semestern (2. und 3. Antritt)<\/li>\n<li>Ende des jeweiligen Sommersemesters (Anfang September) d\u00fcrfen max. 2 Nicht gen\u00fcgend (Wintersemester + Sommersemester) vorhanden sein =&gt; generelle Erm\u00e4chtigung zum Aufstieg in die n\u00e4chste Schulstufe mit 2 Nicht gen\u00fcgend<\/li>\n<li>einmal in 5 Jahren kann die Klassenkonferenz einen Aufstieg mit 3 Nicht gen\u00fcgend in die n\u00e4chsth\u00f6here Schulstufe beschlie\u00dfen<\/li>\n<li>mehr als 2 Nicht Gen\u00fcgend =&gt; Wiederholung des Schuljahres (d. h. der letzten beiden Semester)<\/li>\n<li>bei Wiederholung des Schuljahres bleiben alle positiven Beurteilungen des vorangegangenen Schuljahres erhalten (die bessere Beurteilung z\u00e4hlt)<\/li>\n<li>insgesamt max. drei Nicht gen\u00fcgend k\u00f6nnen w\u00e4hrend der gesamten Schullaufbahn bis zum letzten Semester \u201egeparkt\u201c werden (= 4. Antritt =&gt; diese Gegenst\u00e4nde k\u00f6nnen nicht mehr vorgezogen werden, d. h. sie m\u00fcssen zwischen der Beurteilungskonferenz der letzten Schulstufe und dem Beginn der Klausurpr\u00fcfungen abgelegt werden \u2013 bei negativer Beurteilung =&gt; Ende der Schullaufbahn in der HAK)<\/li>\n<li>bei Nicht gen\u00fcgend im Sommersemester der letzten Schulstufe \u2013 nur 2 Antritte m\u00f6glich! (bei Nichtbestehen \u2013 Wiederholung der letzten Schulstufe)<\/li>\n<li>Antritt zur schriftlichen Reife- und Diplompr\u00fcfung nur m\u00f6glich, wenn kein einziges Nicht gen\u00fcgend mehr vorhanden ist!<\/li>\n<\/ul>\n<p><strong>&nbsp;<\/strong><\/p>\n<p><span style=\"color: #97141b;\"><strong>Fr\u00fchwarnung<\/strong><\/span><\/p>\n<hr>\n<ul>\n<li>ab November bzw. ab April<\/li>\n<li>Information \u00fcber Leistungsstand und Einladung der Erziehungsberechtigen \/ des eigenberechtigten Sch\u00fclers zu einem beratenden Gespr\u00e4ch<\/li>\n<\/ul>\n<p><strong>&nbsp;<\/strong><\/p>\n<p><span style=\"color: #97141b;\"><strong>Individuelle Lernbegleitung<\/strong><\/span><\/p>\n<hr>\n<ul>\n<li>Voraussetzung: Fr\u00fchwarnung und beratendes Gespr\u00e4ch<\/li>\n<li>freiwillig<\/li>\n<li>1 h \/ Woche in der unterrichtsfreien Zeit<\/li>\n<li>max. 8 h \/ Sch\u00fcler\/in<\/li>\n<li>Keine Nachhilfe \u2013 \u201eLerncoach\u201c im Sinne von Lernplanung, Lernberatung<\/li>\n<li>Lernbegleiter\/in \u2013 Lehrer\/in mit entsprechender Ausbildung<\/li>\n<li>Nichterscheinen zu einem vereinbarten Termin \u2013 vorzeitige Beendigung<\/li>\n<li>Pflicht&nbsp; des \/ der Erziehungsberechtigten: bestm\u00f6gliche Unterst\u00fctzung des Sch\u00fclers \/ der Sch\u00fclerin bei der Erf\u00fcllung der Vereinbarungen im Rahmen der individuellen Lernbegleitung<\/li>\n<\/ul>\n<p><span style=\"color: #97141b;\"><strong>Begabtenf\u00f6rderung<\/strong><\/span><\/p>\n<hr>\n<ul>\n<li>M\u00f6glichkeit, auf Antrag des Sch\u00fclers \/ der Sch\u00fclerin Pr\u00fcfungen \u00fcber Pflichtgegenst\u00e4nde (Module) der beiden folgenden Semester abzulegen<\/li>\n<li>bei Bestehen m\u00fcssen diese Gegenst\u00e4nde in diesen Semestern nicht besucht werden<\/li>\n<\/ul>\n<\/div>\n<\/div>\n<\/div>\n<div class=\"cleared\">&nbsp;<\/div>\n<\/div>\n<\/div>\n<\/div>","protected":false},"excerpt":{"rendered":"<p>Hauptziele Reduktion von Klassenwiederholungen (durch Fr\u00fchwarnungen, individuelle Lernbegleitung, Erh\u00f6hung der Eigenverantwortlichkeit der Sch\u00fcler\/innen) Begabtenf\u00f6rderung Grunds\u00e4tze 9. Schulstufe \u2013 wie bisher (Schulnachricht, Jahreszeugnis; Wiederholungspr\u00fcfungen bei max. 2 Nicht gen\u00fcgend m\u00f6glich) ab der 10. Schulstufe &#8211; Modulsystem Schuljahr wird in \u201eechte\u201c Semester gegliedert, d. h. es gibt Semesterzeugnisse jedes Semester wird extra beurteilt und abgeschlossen der Lehrstoff <a class=\"more-link\" href=\"https:\/\/www.bhak-eisenstadt.at\/2016\/neue-oberstufe\/\">Weiterlesen&#8230;<\/a><\/p>\n","protected":false},"author":2,"featured_media":0,"parent":0,"menu_order":0,"comment_status":"closed","ping_status":"closed","template":"","meta":[],"amp_enabled":true,"_links":{"self":[{"href":"https:\/\/www.bhak-eisenstadt.at\/2016\/wp-json\/wp\/v2\/pages\/834"}],"collection":[{"href":"https:\/\/www.bhak-eisenstadt.at\/2016\/wp-json\/wp\/v2\/pages"}],"about":[{"href":"https:\/\/www.bhak-eisenstadt.at\/2016\/wp-json\/wp\/v2\/types\/page"}],"author":[{"embeddable":true,"href":"https:\/\/www.bhak-eisenstadt.at\/2016\/wp-json\/wp\/v2\/users\/2"}],"replies":[{"embeddable":true,"href":"https:\/\/www.bhak-eisenstadt.at\/2016\/wp-json\/wp\/v2\/comments?post=834"}],"version-history":[{"count":6,"href":"https:\/\/www.bhak-eisenstadt.at\/2016\/wp-json\/wp\/v2\/pages\/834\/revisions"}],"predecessor-version":[{"id":3198,"href":"https:\/\/www.bhak-eisenstadt.at\/2016\/wp-json\/wp\/v2\/pages\/834\/revisions\/3198"}],"wp:attachment":[{"href":"https:\/\/www.bhak-eisenstadt.at\/2016\/wp-json\/wp\/v2\/media?parent=834"}],"curies":[{"name":"wp","href":"https:\/\/api.w.org\/{rel}","templated":true}]}}