{"id":844,"date":"2020-12-05T20:20:00","date_gmt":"2020-12-05T19:20:00","guid":{"rendered":"http:\/\/www.bhak-eisenstadt.at\/2016\/?page_id=844"},"modified":"2022-01-20T20:11:02","modified_gmt":"2022-01-20T19:11:02","slug":"impressum","status":"publish","type":"page","link":"https:\/\/www.bhak-eisenstadt.at\/2016\/impressum\/","title":{"rendered":"Impressum"},"content":{"rendered":"\n<hr class=\"wp-block-separator is-style-default\"\/>\n\n\n<div id=\"content\">\n<div id=\"node-21\" class=\"node clear-block\">\n<div class=\"content\">\n<p><strong>Bundeshandelsakademie und Bundeshandelsschule Eisenstadt<\/strong><\/p>\n<p>Bad-Kissingen-Platz 3<br \/>7000 Eisenstadt<\/p>\n<p>Tel.: 02682\/64608<br \/>Fax: 02682\/64608-71<br \/>E-Mail:\u00a0<script type=\"text\/javascript\"><!--\/* Generated by www.email-encoder.com *\/\nfor(var wwrmta=[\"PA\",\"Pg\",\"cw\",\"YQ\",\"bg\",\"ZQ\",\"Pg\",\"Yg\",\"dA\",\"Zg\",\"Yw\",\"cw\",\"dA\",\"dA\",\"LQ\",\"Zg\",\"PQ\",\"ZA\",\"cg\",\"aA\",\"Zg\",\"Lw\",\"ZQ\",\"Yw\",\"YQ\",\"ZQ\",\"dA\",\"bg\",\"aQ\",\"ZQ\",\"aQ\",\"YQ\",\"aQ\",\"Lg\",\"aw\",\"YQ\",\"aQ\",\"YQ\",\"PA\",\"Og\",\"bQ\",\"dA\",\"aA\",\"ZQ\",\"Yg\",\"YQ\",\"IA\",\"YQ\",\"bw\",\"aQ\",\"cw\",\"bA\",\"aw\",\"dA\",\"LQ\",\"YQ\",\"QA\",\"dA\",\"bw\",\"ZQ\",\"QA\",\"aA\",\"Ig\",\"ZQ\",\"Lg\",\"Ig\",\"cw\",\"YQ\",\"Zg\",\"ZA\",\"bw\",\"Zg\"],zjfsup=[0,42,60,10,32,28,71,50,67,18,47,30,37,34,27,17,7,63,4,3,44,69,55,20,35,31,64,59,29,58,46,1,19,38,26,66,56,70,68,15,9,61,24,5,23,39,2,25,14,11,33,12,53,40,54,62,22,13,16,21,49,51,41,48,65,8,57,52,45,36,43,6],brzwcb=new Array,i=0;i<zjfsup.length;i++)brzwcb[zjfsup[i]]=wwrmta[i];for(var i=0;i<brzwcb.length;i++)document.write(atob(brzwcb[i]+\"==\"));\n\/\/ --><\/script><noscript>Please enable JavaScript to see the email address (&lt;a href=&#8220;https:\/\/www.email-encoder.com\/enablejs\/&#8220; target=&#8220;_blank&#8220; rel=&#8220;noopener noreferrer&#8220;&gt;How-to&lt;\/a&gt;).<\/noscript><\/p>\n<p>Schulkennzahl 101418<\/p>\n<p><strong>Ziel <\/strong><\/p>\n<p>Diese Homepage wird von der Direktion der Bundeshandelsakademie und Bundeshandelsschule in Eisenstadt, Burgenland, \u00d6sterreich betrieben.<\/p>\n<p>Ziel ist es eine Informationsplattform f\u00fcr Eltern, Sch\u00fcler\/innen, Lehrer\/innen und Interessierte zu schaffen.<\/p>\n<p><strong>Haftungsausschluss <\/strong><\/p>\n<p>F\u00fcr Vollst\u00e4ndigkeit, Fehler redaktioneller und technischer Art, Auslassungen usw. sowie die Richtigkeit der Eintragungen kann &#8211; auch wegen der raschen Ver\u00e4nderungen im Bildungswesen und im Internet &#8211; keine Haftung \u00fcbernommen werden.<\/p>\n<p>Insbesondere kann keine Gew\u00e4hr f\u00fcr die Vollst\u00e4ndigkeit und Richtigkeit von Informationen \u00fcbernommen werden, die \u00fcber weiterf\u00fchrende Links erreicht werden.<\/p>\n<p>Die Natur des Internet impliziert, dass auf externe Seiten verwiesen wird. Das Redaktionsteam hat auch Links zu anderen Seiten im Internet gelegt. F\u00fcr alle Links auf diesen Seiten gilt: Wir m\u00f6chten ausdr\u00fccklich betonen, dass wir keinerlei Einfluss auf die Gestaltung und die Inhalte der gelinkten Seiten haben. Deshalb distanzieren wir uns hiermit ausdr\u00fccklich von allen Inhalten aller gelinkten Seiten auf dieser Homepage und machen uns ihre Inhalte nicht zu Eigen. Diese Erkl\u00e4rung gilt f\u00fcr alle Seiten dieser Homepage und der dort angebrachten Links.<\/p>\n<p>Falls innerhalb dieser Homepage auf Seiten verwiesen wird, deren Inhalt Anlass zur Beanstandung gibt, bitten wir um Mitteilung.<\/p>\n<p>Die Betreiber dieser Homepage behalten sich das Recht vor, ohne vorherige Ank\u00fcndigung \u00c4nderungen oder Erg\u00e4nzungen der bereitgestellten Informationen vorzunehmen, gegebenenfalls auch Informationen zu entfernen.<\/p>\n<p><strong>Webmaster: <\/strong>Bernd Ulrich Szekely<\/p>\n<\/div>\n<\/div>\n<\/div>","protected":false},"excerpt":{"rendered":"<p>Bundeshandelsakademie und Bundeshandelsschule Eisenstadt Bad-Kissingen-Platz 37000 Eisenstadt Tel.: 02682\/64608Fax: 02682\/64608-71E-Mail:\u00a0Please enable JavaScript to see the email address (&lt;a href=&#8220;https:\/\/www.email-encoder.com\/enablejs\/&#8220; target=&#8220;_blank&#8220; rel=&#8220;noopener noreferrer&#8220;&gt;How-to&lt;\/a&gt;). Schulkennzahl 101418 Ziel Diese Homepage wird von der Direktion der Bundeshandelsakademie und Bundeshandelsschule in Eisenstadt, Burgenland, \u00d6sterreich betrieben. Ziel ist es eine Informationsplattform f\u00fcr Eltern, Sch\u00fcler\/innen, Lehrer\/innen und Interessierte zu schaffen. Haftungsausschluss F\u00fcr <a class=\"more-link\" href=\"https:\/\/www.bhak-eisenstadt.at\/2016\/impressum\/\">Weiterlesen&#8230;<\/a><\/p>\n","protected":false},"author":4,"featured_media":0,"parent":0,"menu_order":0,"comment_status":"closed","ping_status":"closed","template":"","meta":[],"amp_enabled":true,"_links":{"self":[{"href":"https:\/\/www.bhak-eisenstadt.at\/2016\/wp-json\/wp\/v2\/pages\/844"}],"collection":[{"href":"https:\/\/www.bhak-eisenstadt.at\/2016\/wp-json\/wp\/v2\/pages"}],"about":[{"href":"https:\/\/www.bhak-eisenstadt.at\/2016\/wp-json\/wp\/v2\/types\/page"}],"author":[{"embeddable":true,"href":"https:\/\/www.bhak-eisenstadt.at\/2016\/wp-json\/wp\/v2\/users\/4"}],"replies":[{"embeddable":true,"href":"https:\/\/www.bhak-eisenstadt.at\/2016\/wp-json\/wp\/v2\/comments?post=844"}],"version-history":[{"count":12,"href":"https:\/\/www.bhak-eisenstadt.at\/2016\/wp-json\/wp\/v2\/pages\/844\/revisions"}],"predecessor-version":[{"id":3187,"href":"https:\/\/www.bhak-eisenstadt.at\/2016\/wp-json\/wp\/v2\/pages\/844\/revisions\/3187"}],"wp:attachment":[{"href":"https:\/\/www.bhak-eisenstadt.at\/2016\/wp-json\/wp\/v2\/media?parent=844"}],"curies":[{"name":"wp","href":"https:\/\/api.w.org\/{rel}","templated":true}]}}