{"id":892,"date":"2017-06-06T21:37:40","date_gmt":"2017-06-06T19:37:40","guid":{"rendered":"http:\/\/www.bhak-eisenstadt.at\/2016\/?page_id=892"},"modified":"2021-07-02T19:02:46","modified_gmt":"2021-07-02T17:02:46","slug":"direktion-administration-und-sekretariat","status":"publish","type":"page","link":"https:\/\/www.bhak-eisenstadt.at\/2016\/unser-team\/direktion-administration-und-sekretariat\/","title":{"rendered":"Direktion, Administration und Sekretariat"},"content":{"rendered":"<p><strong>\u00d6ffnungszeiten des Sekretariats:<\/strong><\/p>\n<p>Montag bis Donnerstag 7:45 bis 15:00 Uhr<br \/>\nFreitag 7:45 bis 12:00 Uhr<\/p>\n<p>Ge\u00e4nderte \u00d6ffnungszeiten in den Ferien!<\/p>\n<p>[a-team-showcase id=&#8220;954&#8243;]<\/p>\n","protected":false},"excerpt":{"rendered":"<p>\u00d6ffnungszeiten des Sekretariats: Montag bis Donnerstag 7:45 bis 15:00 Uhr Freitag 7:45 bis 12:00 Uhr Ge\u00e4nderte \u00d6ffnungszeiten in den Ferien! [a-team-showcase id=&#8220;954&#8243;]<\/p>\n","protected":false},"author":3,"featured_media":0,"parent":39,"menu_order":1,"comment_status":"closed","ping_status":"closed","template":"","meta":[],"amp_enabled":true,"_links":{"self":[{"href":"https:\/\/www.bhak-eisenstadt.at\/2016\/wp-json\/wp\/v2\/pages\/892"}],"collection":[{"href":"https:\/\/www.bhak-eisenstadt.at\/2016\/wp-json\/wp\/v2\/pages"}],"about":[{"href":"https:\/\/www.bhak-eisenstadt.at\/2016\/wp-json\/wp\/v2\/types\/page"}],"author":[{"embeddable":true,"href":"https:\/\/www.bhak-eisenstadt.at\/2016\/wp-json\/wp\/v2\/users\/3"}],"replies":[{"embeddable":true,"href":"https:\/\/www.bhak-eisenstadt.at\/2016\/wp-json\/wp\/v2\/comments?post=892"}],"version-history":[{"count":7,"href":"https:\/\/www.bhak-eisenstadt.at\/2016\/wp-json\/wp\/v2\/pages\/892\/revisions"}],"predecessor-version":[{"id":2827,"href":"https:\/\/www.bhak-eisenstadt.at\/2016\/wp-json\/wp\/v2\/pages\/892\/revisions\/2827"}],"up":[{"embeddable":true,"href":"https:\/\/www.bhak-eisenstadt.at\/2016\/wp-json\/wp\/v2\/pages\/39"}],"wp:attachment":[{"href":"https:\/\/www.bhak-eisenstadt.at\/2016\/wp-json\/wp\/v2\/media?parent=892"}],"curies":[{"name":"wp","href":"https:\/\/api.w.org\/{rel}","templated":true}]}}